{"id":36,"date":"2026-03-29T20:39:10","date_gmt":"2026-03-29T18:39:10","guid":{"rendered":"http:\/\/aktywnoscsieoplaca.cityschool.pl\/?page_id=36"},"modified":"2026-03-29T21:02:52","modified_gmt":"2026-03-29T19:02:52","slug":"kontakt","status":"publish","type":"page","link":"http:\/\/aktywnoscsieoplaca.cityschool.pl\/?page_id=36","title":{"rendered":"KONTAKT"},"content":{"rendered":"\n<p><strong>e-mail:&nbsp;<\/strong><a href=\"mailto:aktywnoscsieoplaca@cityschool.pl\" target=\"_blank\" rel=\"noreferrer noopener\"><strong>aktywnoscsieoplaca@cityschool.pl<\/strong><\/a>&nbsp;<br><strong>tel.:&nbsp;517-240-192<\/strong>&nbsp;<\/p>\n\n\n\n<hr class=\"wp-block-separator has-text-color has-bright-red-color has-alpha-channel-opacity has-bright-red-background-color has-background\"\/>\n\n\n\n<p><strong>Masz&nbsp;pytania?<\/strong>&nbsp;<br><strong>Skorzystaj&nbsp;z&nbsp;poni\u017cszego&nbsp;formularza,&nbsp;z&nbsp;ch\u0119ci\u0105&nbsp;pomo\u017cemy&nbsp;<\/strong>\ud83d\ude42&nbsp;<\/p>\n\n\n<form id=\"forminator-module-46\" class=\"forminator-custom-form forminator-custom-form-46\" method=\"post\" data-forminator-render=\"0\" data-uid=\"69e2163f054d9\"><div role=\"alert\" aria-live=\"polite\" class=\"forminator-response-message forminator-error\" aria-hidden=\"true\"><\/div><\/form>\n<div class=\"gsp_post_data\" \r\n\t            data-post_type=\"page\" \r\n\t            data-cat=\"\" \r\n\t            data-modified=\"120\"\r\n\t            data-created=\"1774816750\"\r\n\t            data-title=\"KONTAKT\" \r\n\t            data-home=\"http:\/\/aktywnoscsieoplaca.cityschool.pl\"><\/div>","protected":false},"excerpt":{"rendered":"<p>e-mail:&nbsp;aktywnoscsieoplaca@cityschool.pl&nbsp;tel.:&nbsp;517-240-192&nbsp; Masz&nbsp;pytania?&nbsp;Skorzystaj&nbsp;z&nbsp;poni\u017cszego&nbsp;formularza,&nbsp;z&nbsp;ch\u0119ci\u0105&nbsp;pomo\u017cemy&nbsp;\ud83d\ude42&nbsp;<\/p>\n","protected":false},"author":1,"featured_media":0,"parent":0,"menu_order":0,"comment_status":"closed","ping_status":"closed","template":"","meta":{"footnotes":""},"class_list":["post-36","page","type-page","status-publish","hentry"],"yoast_head":"<!-- This site is optimized with the Yoast SEO plugin v27.2 - https:\/\/yoast.com\/product\/yoast-seo-wordpress\/ -->\n<title>KONTAKT -<\/title>\n<meta name=\"robots\" content=\"index, follow, max-snippet:-1, max-image-preview:large, max-video-preview:-1\" \/>\n<link rel=\"canonical\" href=\"http:\/\/aktywnoscsieoplaca.cityschool.pl\/?page_id=36\" \/>\n<meta property=\"og:locale\" content=\"pl_PL\" \/>\n<meta property=\"og:type\" content=\"article\" \/>\n<meta property=\"og:title\" content=\"KONTAKT -\" \/>\n<meta property=\"og:description\" content=\"e-mail:&nbsp;aktywnoscsieoplaca@cityschool.pl&nbsp;tel.:&nbsp;517-240-192&nbsp; Masz&nbsp;pytania?&nbsp;Skorzystaj&nbsp;z&nbsp;poni\u017cszego&nbsp;formularza,&nbsp;z&nbsp;ch\u0119ci\u0105&nbsp;pomo\u017cemy&nbsp;\ud83d\ude42&nbsp;\" \/>\n<meta property=\"og:url\" content=\"http:\/\/aktywnoscsieoplaca.cityschool.pl\/?page_id=36\" \/>\n<meta property=\"article:modified_time\" content=\"2026-03-29T19:02:52+00:00\" \/>\n<meta name=\"twitter:label1\" content=\"Szacowany czas czytania\" \/>\n\t<meta name=\"twitter:data1\" content=\"1 minuta\" \/>\n<script type=\"application\/ld+json\" class=\"yoast-schema-graph\">{\"@context\":\"https:\/\/schema.org\",\"@graph\":[{\"@type\":\"WebPage\",\"@id\":\"http:\/\/aktywnoscsieoplaca.cityschool.pl\/?page_id=36\",\"url\":\"http:\/\/aktywnoscsieoplaca.cityschool.pl\/?page_id=36\",\"name\":\"KONTAKT -\",\"isPartOf\":{\"@id\":\"http:\/\/aktywnoscsieoplaca.cityschool.pl\/#website\"},\"datePublished\":\"2026-03-29T18:39:10+00:00\",\"dateModified\":\"2026-03-29T19:02:52+00:00\",\"breadcrumb\":{\"@id\":\"http:\/\/aktywnoscsieoplaca.cityschool.pl\/?page_id=36#breadcrumb\"},\"inLanguage\":\"pl-PL\",\"potentialAction\":[{\"@type\":\"ReadAction\",\"target\":[\"http:\/\/aktywnoscsieoplaca.cityschool.pl\/?page_id=36\"]}]},{\"@type\":\"BreadcrumbList\",\"@id\":\"http:\/\/aktywnoscsieoplaca.cityschool.pl\/?page_id=36#breadcrumb\",\"itemListElement\":[{\"@type\":\"ListItem\",\"position\":1,\"name\":\"Home\",\"item\":\"http:\/\/aktywnoscsieoplaca.cityschool.pl\/\"},{\"@type\":\"ListItem\",\"position\":2,\"name\":\"KONTAKT\"}]},{\"@type\":\"WebSite\",\"@id\":\"http:\/\/aktywnoscsieoplaca.cityschool.pl\/#website\",\"url\":\"http:\/\/aktywnoscsieoplaca.cityschool.pl\/\",\"name\":\"\",\"description\":\"\",\"potentialAction\":[{\"@type\":\"SearchAction\",\"target\":{\"@type\":\"EntryPoint\",\"urlTemplate\":\"http:\/\/aktywnoscsieoplaca.cityschool.pl\/?s={search_term_string}\"},\"query-input\":{\"@type\":\"PropertyValueSpecification\",\"valueRequired\":true,\"valueName\":\"search_term_string\"}}],\"inLanguage\":\"pl-PL\"}]}<\/script>\n<!-- \/ Yoast SEO plugin. -->","yoast_head_json":{"title":"KONTAKT -","robots":{"index":"index","follow":"follow","max-snippet":"max-snippet:-1","max-image-preview":"max-image-preview:large","max-video-preview":"max-video-preview:-1"},"canonical":"http:\/\/aktywnoscsieoplaca.cityschool.pl\/?page_id=36","og_locale":"pl_PL","og_type":"article","og_title":"KONTAKT -","og_description":"e-mail:&nbsp;aktywnoscsieoplaca@cityschool.pl&nbsp;tel.:&nbsp;517-240-192&nbsp; Masz&nbsp;pytania?&nbsp;Skorzystaj&nbsp;z&nbsp;poni\u017cszego&nbsp;formularza,&nbsp;z&nbsp;ch\u0119ci\u0105&nbsp;pomo\u017cemy&nbsp;\ud83d\ude42&nbsp;","og_url":"http:\/\/aktywnoscsieoplaca.cityschool.pl\/?page_id=36","article_modified_time":"2026-03-29T19:02:52+00:00","twitter_misc":{"Szacowany czas czytania":"1 minuta"},"schema":{"@context":"https:\/\/schema.org","@graph":[{"@type":"WebPage","@id":"http:\/\/aktywnoscsieoplaca.cityschool.pl\/?page_id=36","url":"http:\/\/aktywnoscsieoplaca.cityschool.pl\/?page_id=36","name":"KONTAKT -","isPartOf":{"@id":"http:\/\/aktywnoscsieoplaca.cityschool.pl\/#website"},"datePublished":"2026-03-29T18:39:10+00:00","dateModified":"2026-03-29T19:02:52+00:00","breadcrumb":{"@id":"http:\/\/aktywnoscsieoplaca.cityschool.pl\/?page_id=36#breadcrumb"},"inLanguage":"pl-PL","potentialAction":[{"@type":"ReadAction","target":["http:\/\/aktywnoscsieoplaca.cityschool.pl\/?page_id=36"]}]},{"@type":"BreadcrumbList","@id":"http:\/\/aktywnoscsieoplaca.cityschool.pl\/?page_id=36#breadcrumb","itemListElement":[{"@type":"ListItem","position":1,"name":"Home","item":"http:\/\/aktywnoscsieoplaca.cityschool.pl\/"},{"@type":"ListItem","position":2,"name":"KONTAKT"}]},{"@type":"WebSite","@id":"http:\/\/aktywnoscsieoplaca.cityschool.pl\/#website","url":"http:\/\/aktywnoscsieoplaca.cityschool.pl\/","name":"","description":"","potentialAction":[{"@type":"SearchAction","target":{"@type":"EntryPoint","urlTemplate":"http:\/\/aktywnoscsieoplaca.cityschool.pl\/?s={search_term_string}"},"query-input":{"@type":"PropertyValueSpecification","valueRequired":true,"valueName":"search_term_string"}}],"inLanguage":"pl-PL"}]}},"_links":{"self":[{"href":"http:\/\/aktywnoscsieoplaca.cityschool.pl\/index.php?rest_route=\/wp\/v2\/pages\/36","targetHints":{"allow":["GET"]}}],"collection":[{"href":"http:\/\/aktywnoscsieoplaca.cityschool.pl\/index.php?rest_route=\/wp\/v2\/pages"}],"about":[{"href":"http:\/\/aktywnoscsieoplaca.cityschool.pl\/index.php?rest_route=\/wp\/v2\/types\/page"}],"author":[{"embeddable":true,"href":"http:\/\/aktywnoscsieoplaca.cityschool.pl\/index.php?rest_route=\/wp\/v2\/users\/1"}],"replies":[{"embeddable":true,"href":"http:\/\/aktywnoscsieoplaca.cityschool.pl\/index.php?rest_route=%2Fwp%2Fv2%2Fcomments&post=36"}],"version-history":[{"count":2,"href":"http:\/\/aktywnoscsieoplaca.cityschool.pl\/index.php?rest_route=\/wp\/v2\/pages\/36\/revisions"}],"predecessor-version":[{"id":47,"href":"http:\/\/aktywnoscsieoplaca.cityschool.pl\/index.php?rest_route=\/wp\/v2\/pages\/36\/revisions\/47"}],"wp:attachment":[{"href":"http:\/\/aktywnoscsieoplaca.cityschool.pl\/index.php?rest_route=%2Fwp%2Fv2%2Fmedia&parent=36"}],"curies":[{"name":"wp","href":"https:\/\/api.w.org\/{rel}","templated":true}]}}