{"id":34,"date":"2026-03-29T20:38:16","date_gmt":"2026-03-29T18:38:16","guid":{"rendered":"http:\/\/aktywnoscsieoplaca.cityschool.pl\/?page_id=34"},"modified":"2026-03-29T20:38:17","modified_gmt":"2026-03-29T18:38:17","slug":"slownik-pojec","status":"publish","type":"page","link":"http:\/\/aktywnoscsieoplaca.cityschool.pl\/?page_id=34","title":{"rendered":"S\u0141OWNIK POJ\u0118\u0106"},"content":{"rendered":"\n<p class=\"has-bright-red-background-color has-background\"><strong>Projekt<\/strong><\/p>\n\n\n\n<p>\u201eAktywno\u015b\u0107 si\u0119 op\u0142aca!\u201d realizowany na terenie wojew\u00f3dztwa mazowieckiego w ramach Programu Fundusze Europejskie dla Mazowsza 2021-2027 wsp\u00f3\u0142finansowanego ze \u015brodk\u00f3w Europejskiego Funduszu Spo\u0142ecznego Plus w ramach konkursu nr FEMA.08.01-IP.01-060\/25, og\u0142oszonego w ramach Osi Priorytetowej VIII Fundusze Europejskie dla aktywnej integracji oraz rozwoju us\u0142ug spo\u0142ecznych i zdrowotnych na Mazowszu; Dzia\u0142anie 8.1\u00a0Aktywizacja spo\u0142eczna i zawodowa.\u00a0<\/p>\n\n\n\n<p class=\"has-bright-red-background-color has-background\"><strong>Projektodawca<\/strong><\/p>\n\n\n\n<p>Cityschool\u00a0Sp. z o.o. ul. Ho\u017ca 66\/68, 00-682 Warszawa, zwany r\u00f3wnie\u017c Realizatorem b\u0105d\u017a Organizatorem.\u00a0<\/p>\n\n\n\n<p class=\"has-bright-red-background-color has-background\"><strong>Partner<\/strong><\/p>\n\n\n\n<p>Forum\u00a0Aktywno\u015bci\u00a0Spo\u0142ecznej\u00a0ul.\u00a0Jana\u00a0Wasilkowskiego\u00a011,\u00a002-776\u00a0Warszawa.\u00a0<\/p>\n\n\n\n<p class=\"has-bright-red-background-color has-background\"><strong>Instytucja Zarz\u0105dzaj\u0105ca<\/strong><\/p>\n\n\n\n<p>Zarz\u0105d Wojew\u00f3dztwa Mazowieckiego b\u0119d\u0105cy Instytucj\u0105 Zarz\u0105dzaj\u0105c\u0105 Funduszami Europejskimi dla Mazowsza 2021-2027.\u00a0<\/p>\n\n\n\n<p class=\"has-bright-red-background-color has-background\"><strong>Kandydat\/-ka na Uczestnika\/-czk\u0119\u00a0Projektu<\/strong><\/p>\n\n\n\n<p>osoba fizyczna (kobieta lub m\u0119\u017cczyzna), kt\u00f3ra z\u0142o\u017cy\u0142a dokumenty rekrutacyjne wymagane na etapie rekrutacji, wskazane w niniejszym Regulaminie.\u00a0<\/p>\n\n\n\n<p class=\"has-bright-red-background-color has-background\"><strong>Uczestnik\/-czka\u00a0Projektu\u00a0<\/strong><\/p>\n\n\n\n<p>Kandydat\/-ka,\u00a0kt\u00f3ry\/-a\u00a0zosta\u0142\/-a\u00a0zakwalifikowany\/-a\u00a0do\u00a0projektu,\u00a0podpisa\u0142\/-a umow\u0119 uczestnictwa i dostarczy\u0142\/-a wszelkie wymagane dokumenty rekrutacyjne i skorzysta\u0142\/-a z co najmniej jednej formy wsparcia w ramach projektu.\u00a0<\/p>\n\n\n\n<p class=\"has-bright-red-background-color has-background\"><strong>Koordynator Projektu\u00a0<\/strong><\/p>\n\n\n\n<p>oznacza osob\u0119 oceniaj\u0105c\u0105 Kwestionariusze zg\u0142oszeniowe i dokonuj\u0105c\u0105 kwalifikacji Uczestnik\u00f3w Projektu.\u00a0<\/p>\n\n\n\n<p class=\"has-bright-red-background-color has-background\"><strong>Umowa\u00a0uczestnictwa\u00a0w\u00a0projekcie<\/strong><\/p>\n\n\n\n<p>oznacza\u00a0to\u00a0umow\u0119\u00a0zawieran\u0105\u00a0pomi\u0119dzy\u00a0Uczestnikiem\/\u00a0Uczestniczk\u0105 projektu i Realizatorem projektu\u00a0okre\u015blaj\u0105c\u0105 warunki Uczestnictwa w projekcie, m.in. rodzaj, miejsce i okres realizowanego wsparcia oraz zasady dot. zwrotu koszt\u00f3w dojazdu.\u00a0<\/p>\n\n\n\n<p class=\"has-bright-red-background-color has-background\"><strong>Osoba\u00a0niepe\u0142nosprawna<\/strong><\/p>\n\n\n\n<p>osoba\u00a0niepe\u0142nosprawna\u00a0w\u00a0rozumieniu\u00a0przepis\u00f3w\u00a0ustawy\u00a0z\u00a0dnia\u00a027\u00a0sierpnia\u00a01997 r. o rehabilitacji zawodowej i spo\u0142ecznej oraz zatrudnieniu os\u00f3b niepe\u0142nosprawnych (Dz.U.\u00a0z 2021\u00a0r. poz. 573, z\u00a0p\u00f3\u017an. zm.) lub osoba z zaburzeniami psychicznymi, w rozumieniu ustawy z dnia 19 sierpnia 1994 r. o ochronie zdrowia psychicznego (t.j. Dz.U. z\u00a02022r.\u00a0poz. 2123), tj. osoby z odpowiednim orzeczeniem lub innym dokumentem po\u015bwiadczaj\u0105cym stan zdrowia.\u00a0<\/p>\n\n\n\n<p class=\"has-bright-red-background-color has-background\"><strong>Dzie\u0144 przyst\u0105pienia do projektu\/rozpocz\u0119cia udzia\u0142u w projekcie<\/strong><\/p>\n\n\n\n<p>dzie\u0144 podpisania umowy uczestnictwa i jednocze\u015bnie dzie\u0144 pierwszej formy wsparcia.\u00a0<\/p>\n\n\n\n<p class=\"has-bright-red-background-color has-background\"><strong>Miejsce zamieszkania<\/strong><\/p>\n\n\n\n<p>w rozumieniu art. 25 Kodeksu Cywilnego \u2013 miejscowo\u015b\u0107, w kt\u00f3rej dana osoba przebywa z zamiarem sta\u0142ego pobytu.\u00a0<\/p>\n\n\n\n<p class=\"has-bright-red-background-color has-background\"><strong>Osoba bezrobotna\u00a0<\/strong><\/p>\n\n\n\n<p>osoba pozostaj\u0105ca bez pracy, gotowa do podj\u0119cia pracy i aktywnie poszukuj\u0105ca zatrudnienia. Definicja ta uwzgl\u0119dnia wszystkie osoby zarejestrowane jako bezrobotne zgodnie z\u00a0krajow\u0105 definicj\u0105, nawet je\u017celi nie spe\u0142niaj\u0105 one wszystkich trzech kryteri\u00f3w wskazanych wy\u017cej. Osoby kwalifikuj\u0105ce si\u0119 do urlopu macierzy\u0144skiego lub rodzicielskiego, kt\u00f3re s\u0105 bezrobotne w rozumieniu niniejszej definicji (nie pobieraj\u0105 \u015bwiadcze\u0144 z tytu\u0142u urlopu), nale\u017cy wykazywa\u0107 r\u00f3wnie\u017c jako osoby bezrobotne. Osoby aktywnie poszukuj\u0105ce zatrudnienia to osoby zarejestrowane w urz\u0119dzie pracy jako bezrobotne lub poszukuj\u0105ce pracy lub niezarejestrowane, lecz spe\u0142niaj\u0105ce powy\u017csze przes\u0142anki, tj. gotowo\u015b\u0107 do podj\u0119cia pracy i aktywne poszukiwanie zatrudnienia.\u00a0<\/p>\n\n\n\n<p class=\"has-bright-red-background-color has-background\"><strong>Osoba d\u0142ugotrwale bezrobotna<\/strong><\/p>\n\n\n\n<p>oznacza to osob\u0119 bezrobotn\u0105 pozostaj\u0105c\u0105 w rejestrze PUP przez okres ponad\u00a012\u00a0miesi\u0119cy\u00a0w\u00a0okresie\u00a0ostatnich\u00a02\u00a0lat,\u00a0z\u00a0wy\u0142\u0105czeniem\u00a0okres\u00f3w\u00a0odbywania\u00a0sta\u017cu\u00a0i przygotowania zawodowego doros\u0142ych.\u00a0<\/p>\n\n\n\n<p class=\"has-bright-red-background-color has-background\"><strong>Osoba\u00a0bierna\u00a0zawodowo<\/strong><\/p>\n\n\n\n<p>oznacza\u00a0to\u00a0osob\u0119,\u00a0kt\u00f3ra\u00a0w\u00a0danej\u00a0chwili\u00a0nie\u00a0tworzy\u00a0zasob\u00f3w\u00a0si\u0142y\u00a0roboczej\u00a0(tzn. nie jest osob\u0105 pracuj\u0105c\u0105 ani bezrobotn\u0105). Za osoby bierne zawodowo uznawani s\u0105 m.in.:\u00a0<\/p>\n\n\n\n<ul class=\"wp-block-list\">\n<li>Studenci studi\u00f3w stacjonarnych, chyba \u017ce s\u0105 ju\u017c zatrudnieni (r\u00f3wnie\u017c na cz\u0119\u015b\u0107 etatu) to w\u00f3wczas powinni by\u0107 wykazywani jako osoby pracuj\u0105ce;\u00a0<\/li>\n<\/ul>\n\n\n\n<ul class=\"wp-block-list\">\n<li>Dzieci i m\u0142odzie\u017c do 18 r. \u017c. Pobieraj\u0105cy nauk\u0119 o ile nie spe\u0142niaj\u0105 przes\u0142anek na podstawie, kt\u00f3rych mo\u017cna je zaliczy\u0107 do os\u00f3b bezrobotnych lub pracuj\u0105cych;\u00a0<\/li>\n<\/ul>\n\n\n\n<ul class=\"wp-block-list\">\n<li>Doktoranci,\u00a0kt\u00f3rzy\u00a0nie\u00a0s\u0105\u00a0zatrudnieni\u00a0na\u00a0uczelni,\u00a0w\u00a0innej\u00a0instytucji\u00a0lub\u00a0przedsi\u0119biorstwie.\u00a0<\/li>\n<\/ul>\n\n\n\n<ul class=\"wp-block-list\">\n<li>W przypadku, gdy doktorant wykonuje obowi\u0105zki s\u0142u\u017cbowe, za kt\u00f3re otrzymuje wynagrodzenie lub prowadzi dzia\u0142alno\u015b\u0107 gospodarcz\u0105 nale\u017cy traktowa\u0107 go jako osob\u0119 pracuj\u0105c\u0105. W przypadku, gdy doktorant jest zarejestrowany jako bezrobotny, nale\u017cy go wykaza\u0107 we wska\u017aniku dotycz\u0105cym os\u00f3b\u00a0bezrobotnych.\u00a0<\/li>\n<\/ul>\n\n\n\n<p><strong>UWAGA: Osobami&nbsp;biernymi zawodowo ze wzgl\u0119du na przyczyny bierno\u015bci zawodowej do obj\u0119cia&nbsp;w<\/strong><strong>&nbsp;<\/strong><strong>wsparciem w ramach projektu b\u0119d\u0105:<\/strong>&nbsp;<\/p>\n\n\n\n<ul class=\"wp-block-list\">\n<li>Osoby\u00a0obarczone\u00a0obowi\u0105zkami\u00a0rodzinnymi\u00a0i\u00a0opieku\u0144czymi\u00a0<\/li>\n<\/ul>\n\n\n\n<ul class=\"wp-block-list\">\n<li>Osoby\u00a0chore\u00a0i\u00a0z\u00a0niepe\u0142nosprawno\u015bci\u0105\u00a0<\/li>\n<\/ul>\n\n\n\n<p class=\"has-bright-red-background-color has-background\"><strong>Wiek uczestnik\u00f3w projekt\u00f3w<\/strong><\/p>\n\n\n\n<p>okre\u015blany na podstawie daty urodzenia i ustalany w dniu rozpocz\u0119cia udzia\u0142u w projekcie za okazaniem Dowodu Osobistego.\u00a0<\/p>\n\n\n\n<p class=\"has-bright-red-background-color has-background\"><strong>Osoba znajduj\u0105ca si\u0119 w lepszej sytuacji na rynku pracy<\/strong><\/p>\n\n\n\n<p>oznacza osob\u0119, kt\u00f3rej sytuacja na rynku pracy uleg\u0142a poprawie w wyniku udzia\u0142u w projekcie w zakresie godzenia \u017cycia zawodowego i spo\u0142ecznego. Poprzez popraw\u0119 sytuacji na rynku pracy nale\u017cy rozumie\u0107 w szczeg\u00f3lno\u015bci: podj\u0119cie pracy lub powr\u00f3t na rynek pracy po przerwie zwi\u0105zanej z urodzeniem\/wychowaniem dziecka lub popraw\u0119 warunk\u00f3w pracy lub przej\u015bcie z niepewnego do stabilnego zatrudnienia lub przej\u015bcie z niepe\u0142nego zatrudnienia do pe\u0142nego zatrudnienia lub zmiana stanowiska pracy na wymagaj\u0105ce wy\u017cszych kompetencji\/umiej\u0119tno\u015bci\/kwalifikacji,\u00a0wi\u0105\u017c\u0105ce si\u0119\u00a0z\u00a0wi\u0119ksz\u0105\u00a0odpowiedzialno\u015bci\u0105\u00a0lub\u00a0otrzymanie\u00a0awansu lub podwy\u017cszenie wynagrodzenia powy\u017cej rocznej stopy inflacji p\u0142ac w kraju, do 4 tygodni po zako\u0144czeniu udzia\u0142u w projekcie EFS+.\u00a0<\/p>\n\n\n\n<p class=\"has-bright-red-background-color has-background\"><strong>Osoba&nbsp;wykluczona&nbsp;spo\u0142ecznie,&nbsp;zagro\u017cona&nbsp;wykluczeniem\/ub\u00f3stwem:<\/strong>&nbsp;<\/p>\n\n\n\n<ol start=\"1\" class=\"wp-block-list\">\n<li>osoby lub rodziny korzystaj\u0105ce ze \u015bwiadcze\u0144 z pomocy spo\u0142ecznej zgodnie z ustaw\u0105 z dnia 12 marca 2004 r. o pomocy spo\u0142ecznej lub kwalifikuj\u0105ce si\u0119 do obj\u0119cia wsparciem pomocy spo\u0142ecznej, tj. spe\u0142niaj\u0105ce co najmniej jedn\u0105 z przes\u0142anek okre\u015blonych w art. 7 ustawy z dnia 12 marca 2004 r. o pomocy spo\u0142ecznej;\u00a0<\/li>\n<\/ol>\n\n\n\n<ol start=\"2\" class=\"wp-block-list\">\n<li>osoby,\u00a0o\u00a0kt\u00f3rych\u00a0mowa\u00a0w\u00a0art.\u00a01\u00a0ust.\u00a02\u00a0ustawy\u00a0z\u00a0dnia\u00a013\u00a0czerwca\u00a02003\u00a0r.\u00a0o\u00a0zatrudnieniu\u00a0socjalnym;\u00a0<\/li>\n<\/ol>\n\n\n\n<ol start=\"3\" class=\"wp-block-list\">\n<li>osoby przebywaj\u0105ce w pieczy zast\u0119pczej lub opuszczaj\u0105ce piecz\u0119 zast\u0119pcz\u0105 oraz rodziny prze\u017cywaj\u0105ce trudno\u015bci w pe\u0142nieniu funkcji opieku\u0144czo-wychowawczych, o kt\u00f3rych mowa w ustawie z dnia 9 czerwca 2011 r. o wspieraniu rodziny i systemie pieczy zast\u0119pczej;\u00a0<\/li>\n<\/ol>\n\n\n\n<ol start=\"4\" class=\"wp-block-list\">\n<li>osoby nieletnie, wobec kt\u00f3rych zastosowano \u015brodki zapobiegania i zwalczania demoralizacji i przest\u0119pczo\u015bci zgodnie z ustaw\u0105 z dnia 26 pa\u017adziernika 1982 r. o post\u0119powaniu w sprawach nieletnich (Dz. U. z 2018 r. poz. 969);\u00a0<\/li>\n<\/ol>\n\n\n\n<ol start=\"5\" class=\"wp-block-list\">\n<li>osoby przebywaj\u0105ce w m\u0142odzie\u017cowych o\u015brodkach wychowawczych i m\u0142odzie\u017cowych o\u015brodkach socjoterapii, o kt\u00f3rych mowa w ustawie z dnia 7 wrze\u015bnia 1991 r. o systemie o\u015bwiaty (Dz. U. z 2018 r. poz. 1457, z\u00a0p\u00f3\u017an. zm.);\u00a0<\/li>\n<\/ol>\n\n\n\n<ol start=\"6\" class=\"wp-block-list\">\n<li>osoby z niepe\u0142nosprawno\u015bci\u0105 \u2013 osoby z niepe\u0142nosprawno\u015bci\u0105 w rozumieniu wytycznych ministra w\u0142a\u015bciwego ds. rozwoju regionalnego dotycz\u0105cych realizacji zasad r\u00f3wno\u015bciowych w ramach funduszy unijnych na lata 2021-2027 lub ucze\u0144 albo dziecko lub dzieci i m\u0142odzie\u017c posiadaj\u0105ca orzeczenia o potrzebie zaj\u0119\u0107 rewalidacyjno-wychowawczych wydawane ze wzgl\u0119du na niepe\u0142nosprawno\u015b\u0107 intelektualn\u0105 w stopniu g\u0142\u0119bokim, orzeczenia uczni\u00f3w, dzieci lub m\u0142odzie\u017cy wydawane s\u0105 przez zesp\u00f3\u0142 orzekaj\u0105cy dzia\u0142aj\u0105cy w publicznej poradni psychologiczno-pedagogicznej, w tym poradni\u00a0specjalistycznej,\u00a0<\/li>\n<\/ol>\n\n\n\n<ol start=\"7\" class=\"wp-block-list\">\n<li>cz\u0142onkowie gospodarstw domowych sprawuj\u0105cy opiek\u0119 nad osob\u0105 z niepe\u0142nosprawno\u015bci\u0105, o ile co najmniej jeden z nich nie pracuje ze wzgl\u0119du na konieczno\u015b\u0107 sprawowania opieki nad osob\u0105 z\u00a0niepe\u0142nosprawno\u015bci\u0105;\u00a0<\/li>\n<\/ol>\n\n\n\n<ol start=\"8\" class=\"wp-block-list\">\n<li>osoby\u00a0potrzebuj\u0105ce\u00a0wsparcia\u00a0w\u00a0codziennym\u00a0funkcjonowaniu;\u00a0<\/li>\n<\/ol>\n\n\n\n<ol start=\"9\" class=\"wp-block-list\">\n<li>osoby bezdomne lub dotkni\u0119te wykluczeniem z dost\u0119pu do mieszka\u0144 w rozumieniu Wytycznych dotycz\u0105cych realizacji projekt\u00f3w z udzia\u0142em \u015brodk\u00f3w EFS+ w regionalnych programach na lata 2021-\u00a02027\u00a0<\/li>\n<\/ol>\n\n\n\n<ol start=\"10\" class=\"wp-block-list\">\n<li>osoby\u00a0odbywaj\u0105ce\u00a0kary\u00a0pozbawienia\u00a0wolno\u015bci;\u00a0<\/li>\n<\/ol>\n\n\n\n<ol start=\"11\" class=\"wp-block-list\">\n<li>osoby\u00a0korzystaj\u0105ce\u00a0z\u00a0PO\u00a0P\u017b.\u00a0<\/li>\n<\/ol>\n\n\n\n<p class=\"has-bright-red-background-color has-background\"><strong>Osoba z wykszta\u0142ceniem co najwy\u017cej \u015brednim I stopnia (ISCED 0-2)<\/strong><\/p>\n\n\n\n<p>to osoba, kt\u00f3rej najwy\u017cszy osi\u0105gni\u0119ty poziom wykszta\u0142cenia to wykszta\u0142cenie gimnazjalne lub podstawowe (8 klas szko\u0142y podstawowej) (poziom ISCED 0-2) zgodnie z Mi\u0119dzynarodow\u0105 Standardow\u0105 Klasyfikacj\u0105 Kszta\u0142cenia UNESCO,\u00a0tj.\u00a0Osoba\u00a0uczestnicz\u0105ca\u00a0we wczesnej\u00a0edukacji\u00a0(ISCED0),\u00a0osoba, kt\u00f3ra\u00a0uczestniczy\u00a0lub zako\u0144czy\u0142a edukacj\u0119 najwy\u017cej na poziomie podstawowym (ISCED1-2) i osoba, kt\u00f3ra zako\u0144czy\u0142a edukacj\u0119 najwy\u017cej\u00a0na poziomie gimnazjalnym (ISCED2), a tak\u017ce osoba, kt\u00f3ra nie osi\u0105gn\u0119\u0142a \u017cadnego poziomu wykszta\u0142cenia (ISCED 0);\u00a0<\/p>\n\n\n\n<p class=\"has-bright-red-background-color has-background\"><strong>Osoba z wykszta\u0142ceniem na poziomie \u015brednim II stopnia (ISCED 3)<\/strong><\/p>\n\n\n\n<p>to osoba, kt\u00f3rej najwy\u017cszy osi\u0105gni\u0119ty poziom wykszta\u0142cenia to wykszta\u0142cenie \u015brednie II stopnia \u2013 czyli ponadgimnazjalne lub ponadpodstawowe (poziom ISCED 3) albo wykszta\u0142cenie policealne (ISCED4) zgodnie z Mi\u0119dzynarodow\u0105 Standardow\u0105 Klasyfikacj\u0105 Kszta\u0142cenia UNESCO;\u00a0<\/p>\n\n\n\n<p class=\"has-bright-red-background-color has-background\"><strong>Osoba z wykszta\u0142ceniem wy\u017cszym (ISCED 5-8)<\/strong><\/p>\n\n\n\n<p>to osoba, kt\u00f3rej najwy\u017cszy poziom wykszta\u0142cenia to wykszta\u0142cenie wy\u017csze (ISCED 5-8), zgodnie z Mi\u0119dzynarodow\u0105 Standardow\u0105 Klasyfikacj\u0105 Kszta\u0142cenia UNESCO; rozpoczynaj\u0105c od na uko\u0144czonych studiach kr\u00f3tkiego cyklu (ISCED5), przez studia licencjackie i ich odpowiedniki (ISECE6), studia magisterskie i ich odpowiedniki (ISCED7) a\u017c po studia doktoranckie i\u00a0ich odpowiedniki (ISCED8);\u00a0<\/p>\n\n\n\n<p class=\"has-bright-red-background-color has-background\"><strong>NEET\u00a0(not\u00a0in\u00a0employment,\u00a0education\u00a0or\u00a0training)\u00a0<\/strong><\/p>\n\n\n\n<p>osoba\u00a0m\u0142oda\u00a0w\u00a0wieku\u00a015-29\u00a0lat,\u00a0kt\u00f3ra\u00a0spe\u0142nia\u00a0\u0142\u0105cznie trzy warunki, czyli nie pracuje (tj. jest bezrobotna lub bierna zawodowo), nie kszta\u0142ci si\u0119 (tj. nie uczestniczy w kszta\u0142ceniu formalnym w trybie stacjonarnym albo zaniedbuje obowi\u0105zek szkolny lub nauki) ani nie szkoli (tj. nie uczestniczy w pozaszkolnych zaj\u0119ciach maj\u0105cych na celu uzyskanie, uzupe\u0142nienie lub doskonalenie umiej\u0119tno\u015bci i kwalifikacji zawodowych lub og\u00f3lnych, potrzebnych do wykonywania pracy; w procesie oceny czy dana osoba si\u0119 nie szkoli, a co za tym idzie kwalifikuje si\u0119 do kategorii NEET, nale\u017cy zweryfikowa\u0107 czy bra\u0142a ona udzia\u0142 w tego typu formie aktywizacji, finansowanej\u00a0ze \u015brodk\u00f3w publicznych, w okresie ostatnich 4 tygodni).\u00a0<\/p>\n\n\n\n<p class=\"has-bright-red-background-color has-background\"><strong>Osoby&nbsp;w&nbsp;wieku&nbsp;18-29&nbsp;lat:<\/strong>&nbsp;<\/p>\n\n\n\n<ul class=\"wp-block-list\">\n<li>zarejestrowane\u00a0jako\u00a0bezrobotne;\u00a0<\/li>\n<\/ul>\n\n\n\n<ul class=\"wp-block-list\">\n<li>pozostaj\u0105ce\u00a0poza\u00a0zatrudnieniem,\u00a0edukacj\u0105\u00a0i\u00a0szkoleniem\u00a0(NEET);\u00a0<\/li>\n<\/ul>\n\n\n\n<ul class=\"wp-block-list\">\n<li>b\u0119d\u0105ce\u00a0bezrobotnymi\u00a0oraz\u00a0poszukuj\u0105cymi\u00a0pracy\u00a0absolwentami\u00a0szk\u00f3\u0142\u00a0i\u00a0uczelni;\u00a0<\/li>\n<\/ul>\n\n\n\n<ul class=\"wp-block-list\">\n<li>osoby,\u00a0kt\u00f3re\u00a0opu\u015bci\u0142y\u00a0piecz\u0119\u00a0zast\u0119pcz\u0105;\u00a0<\/li>\n<\/ul>\n\n\n\n<ul class=\"wp-block-list\">\n<li>kobiety\u00a0poni\u017cej\u00a030\u00a0r.\u017c.\u00a0wychowuj\u0105ce\u00a0dzieci.\u00a0<\/li>\n<\/ul>\n\n\n\n<p><\/p>\n<div class=\"gsp_post_data\" \r\n\t            data-post_type=\"page\" \r\n\t            data-cat=\"\" \r\n\t            data-modified=\"120\"\r\n\t            data-created=\"1774816696\"\r\n\t            data-title=\"S\u0141OWNIK POJ\u0118\u0106\" \r\n\t            data-home=\"http:\/\/aktywnoscsieoplaca.cityschool.pl\"><\/div>","protected":false},"excerpt":{"rendered":"<p>Projekt \u201eAktywno\u015b\u0107 si\u0119 op\u0142aca!\u201d realizowany na terenie wojew\u00f3dztwa mazowieckiego w ramach Programu Fundusze Europejskie dla Mazowsza 2021-2027 wsp\u00f3\u0142finansowanego ze \u015brodk\u00f3w Europejskiego Funduszu Spo\u0142ecznego Plus w ramach konkursu nr FEMA.08.01-IP.01-060\/25, og\u0142oszonego w ramach Osi Priorytetowej VIII Fundusze Europejskie dla aktywnej integracji oraz rozwoju us\u0142ug spo\u0142ecznych i zdrowotnych na Mazowszu; Dzia\u0142anie 8.1\u00a0Aktywizacja spo\u0142eczna i zawodowa.\u00a0 Projektodawca Cityschool\u00a0Sp. &hellip; <a href=\"http:\/\/aktywnoscsieoplaca.cityschool.pl\/?page_id=34\" class=\"more-link\">Czytaj dalej<span class=\"screen-reader-text\"> \u201eS\u0141OWNIK POJ\u0118\u0106\u201d<\/span><\/a><\/p>\n","protected":false},"author":1,"featured_media":0,"parent":0,"menu_order":0,"comment_status":"closed","ping_status":"closed","template":"","meta":{"footnotes":""},"class_list":["post-34","page","type-page","status-publish","hentry"],"yoast_head":"<!-- This site is optimized with the Yoast SEO plugin v27.2 - https:\/\/yoast.com\/product\/yoast-seo-wordpress\/ -->\n<title>S\u0141OWNIK POJ\u0118\u0106 -<\/title>\n<meta name=\"robots\" content=\"index, follow, max-snippet:-1, max-image-preview:large, max-video-preview:-1\" \/>\n<link rel=\"canonical\" href=\"http:\/\/aktywnoscsieoplaca.cityschool.pl\/?page_id=34\" \/>\n<meta property=\"og:locale\" content=\"pl_PL\" \/>\n<meta property=\"og:type\" content=\"article\" \/>\n<meta property=\"og:title\" content=\"S\u0141OWNIK POJ\u0118\u0106 -\" \/>\n<meta property=\"og:description\" content=\"Projekt \u201eAktywno\u015b\u0107 si\u0119 op\u0142aca!\u201d realizowany na terenie wojew\u00f3dztwa mazowieckiego w ramach Programu Fundusze Europejskie dla Mazowsza 2021-2027 wsp\u00f3\u0142finansowanego ze \u015brodk\u00f3w Europejskiego Funduszu Spo\u0142ecznego Plus w ramach konkursu nr FEMA.08.01-IP.01-060\/25, og\u0142oszonego w ramach Osi Priorytetowej VIII Fundusze Europejskie dla aktywnej integracji oraz rozwoju us\u0142ug spo\u0142ecznych i zdrowotnych na Mazowszu; Dzia\u0142anie 8.1\u00a0Aktywizacja spo\u0142eczna i zawodowa.\u00a0 Projektodawca Cityschool\u00a0Sp. &hellip; Czytaj dalej \u201eS\u0141OWNIK POJ\u0118\u0106\u201d\" \/>\n<meta property=\"og:url\" content=\"http:\/\/aktywnoscsieoplaca.cityschool.pl\/?page_id=34\" \/>\n<meta property=\"article:modified_time\" content=\"2026-03-29T18:38:17+00:00\" \/>\n<meta name=\"twitter:label1\" content=\"Szacowany czas czytania\" \/>\n\t<meta name=\"twitter:data1\" content=\"8 minut\" \/>\n<script type=\"application\/ld+json\" class=\"yoast-schema-graph\">{\"@context\":\"https:\/\/schema.org\",\"@graph\":[{\"@type\":\"WebPage\",\"@id\":\"http:\/\/aktywnoscsieoplaca.cityschool.pl\/?page_id=34\",\"url\":\"http:\/\/aktywnoscsieoplaca.cityschool.pl\/?page_id=34\",\"name\":\"S\u0141OWNIK POJ\u0118\u0106 -\",\"isPartOf\":{\"@id\":\"http:\/\/aktywnoscsieoplaca.cityschool.pl\/#website\"},\"datePublished\":\"2026-03-29T18:38:16+00:00\",\"dateModified\":\"2026-03-29T18:38:17+00:00\",\"breadcrumb\":{\"@id\":\"http:\/\/aktywnoscsieoplaca.cityschool.pl\/?page_id=34#breadcrumb\"},\"inLanguage\":\"pl-PL\",\"potentialAction\":[{\"@type\":\"ReadAction\",\"target\":[\"http:\/\/aktywnoscsieoplaca.cityschool.pl\/?page_id=34\"]}]},{\"@type\":\"BreadcrumbList\",\"@id\":\"http:\/\/aktywnoscsieoplaca.cityschool.pl\/?page_id=34#breadcrumb\",\"itemListElement\":[{\"@type\":\"ListItem\",\"position\":1,\"name\":\"Home\",\"item\":\"http:\/\/aktywnoscsieoplaca.cityschool.pl\/\"},{\"@type\":\"ListItem\",\"position\":2,\"name\":\"S\u0141OWNIK POJ\u0118\u0106\"}]},{\"@type\":\"WebSite\",\"@id\":\"http:\/\/aktywnoscsieoplaca.cityschool.pl\/#website\",\"url\":\"http:\/\/aktywnoscsieoplaca.cityschool.pl\/\",\"name\":\"\",\"description\":\"\",\"potentialAction\":[{\"@type\":\"SearchAction\",\"target\":{\"@type\":\"EntryPoint\",\"urlTemplate\":\"http:\/\/aktywnoscsieoplaca.cityschool.pl\/?s={search_term_string}\"},\"query-input\":{\"@type\":\"PropertyValueSpecification\",\"valueRequired\":true,\"valueName\":\"search_term_string\"}}],\"inLanguage\":\"pl-PL\"}]}<\/script>\n<!-- \/ Yoast SEO plugin. -->","yoast_head_json":{"title":"S\u0141OWNIK POJ\u0118\u0106 -","robots":{"index":"index","follow":"follow","max-snippet":"max-snippet:-1","max-image-preview":"max-image-preview:large","max-video-preview":"max-video-preview:-1"},"canonical":"http:\/\/aktywnoscsieoplaca.cityschool.pl\/?page_id=34","og_locale":"pl_PL","og_type":"article","og_title":"S\u0141OWNIK POJ\u0118\u0106 -","og_description":"Projekt \u201eAktywno\u015b\u0107 si\u0119 op\u0142aca!\u201d realizowany na terenie wojew\u00f3dztwa mazowieckiego w ramach Programu Fundusze Europejskie dla Mazowsza 2021-2027 wsp\u00f3\u0142finansowanego ze \u015brodk\u00f3w Europejskiego Funduszu Spo\u0142ecznego Plus w ramach konkursu nr FEMA.08.01-IP.01-060\/25, og\u0142oszonego w ramach Osi Priorytetowej VIII Fundusze Europejskie dla aktywnej integracji oraz rozwoju us\u0142ug spo\u0142ecznych i zdrowotnych na Mazowszu; Dzia\u0142anie 8.1\u00a0Aktywizacja spo\u0142eczna i zawodowa.\u00a0 Projektodawca Cityschool\u00a0Sp. &hellip; Czytaj dalej \u201eS\u0141OWNIK POJ\u0118\u0106\u201d","og_url":"http:\/\/aktywnoscsieoplaca.cityschool.pl\/?page_id=34","article_modified_time":"2026-03-29T18:38:17+00:00","twitter_misc":{"Szacowany czas czytania":"8 minut"},"schema":{"@context":"https:\/\/schema.org","@graph":[{"@type":"WebPage","@id":"http:\/\/aktywnoscsieoplaca.cityschool.pl\/?page_id=34","url":"http:\/\/aktywnoscsieoplaca.cityschool.pl\/?page_id=34","name":"S\u0141OWNIK POJ\u0118\u0106 -","isPartOf":{"@id":"http:\/\/aktywnoscsieoplaca.cityschool.pl\/#website"},"datePublished":"2026-03-29T18:38:16+00:00","dateModified":"2026-03-29T18:38:17+00:00","breadcrumb":{"@id":"http:\/\/aktywnoscsieoplaca.cityschool.pl\/?page_id=34#breadcrumb"},"inLanguage":"pl-PL","potentialAction":[{"@type":"ReadAction","target":["http:\/\/aktywnoscsieoplaca.cityschool.pl\/?page_id=34"]}]},{"@type":"BreadcrumbList","@id":"http:\/\/aktywnoscsieoplaca.cityschool.pl\/?page_id=34#breadcrumb","itemListElement":[{"@type":"ListItem","position":1,"name":"Home","item":"http:\/\/aktywnoscsieoplaca.cityschool.pl\/"},{"@type":"ListItem","position":2,"name":"S\u0141OWNIK POJ\u0118\u0106"}]},{"@type":"WebSite","@id":"http:\/\/aktywnoscsieoplaca.cityschool.pl\/#website","url":"http:\/\/aktywnoscsieoplaca.cityschool.pl\/","name":"","description":"","potentialAction":[{"@type":"SearchAction","target":{"@type":"EntryPoint","urlTemplate":"http:\/\/aktywnoscsieoplaca.cityschool.pl\/?s={search_term_string}"},"query-input":{"@type":"PropertyValueSpecification","valueRequired":true,"valueName":"search_term_string"}}],"inLanguage":"pl-PL"}]}},"_links":{"self":[{"href":"http:\/\/aktywnoscsieoplaca.cityschool.pl\/index.php?rest_route=\/wp\/v2\/pages\/34","targetHints":{"allow":["GET"]}}],"collection":[{"href":"http:\/\/aktywnoscsieoplaca.cityschool.pl\/index.php?rest_route=\/wp\/v2\/pages"}],"about":[{"href":"http:\/\/aktywnoscsieoplaca.cityschool.pl\/index.php?rest_route=\/wp\/v2\/types\/page"}],"author":[{"embeddable":true,"href":"http:\/\/aktywnoscsieoplaca.cityschool.pl\/index.php?rest_route=\/wp\/v2\/users\/1"}],"replies":[{"embeddable":true,"href":"http:\/\/aktywnoscsieoplaca.cityschool.pl\/index.php?rest_route=%2Fwp%2Fv2%2Fcomments&post=34"}],"version-history":[{"count":1,"href":"http:\/\/aktywnoscsieoplaca.cityschool.pl\/index.php?rest_route=\/wp\/v2\/pages\/34\/revisions"}],"predecessor-version":[{"id":35,"href":"http:\/\/aktywnoscsieoplaca.cityschool.pl\/index.php?rest_route=\/wp\/v2\/pages\/34\/revisions\/35"}],"wp:attachment":[{"href":"http:\/\/aktywnoscsieoplaca.cityschool.pl\/index.php?rest_route=%2Fwp%2Fv2%2Fmedia&parent=34"}],"curies":[{"name":"wp","href":"https:\/\/api.w.org\/{rel}","templated":true}]}}