{"id":30,"date":"2026-03-29T20:30:01","date_gmt":"2026-03-29T18:30:01","guid":{"rendered":"http:\/\/aktywnoscsieoplaca.cityschool.pl\/?page_id=30"},"modified":"2026-03-29T21:17:12","modified_gmt":"2026-03-29T19:17:12","slug":"rekrutacja","status":"publish","type":"page","link":"http:\/\/aktywnoscsieoplaca.cityschool.pl\/?page_id=30","title":{"rendered":"REKRUTACJA"},"content":{"rendered":"\n<p>Rekrutacja Uczestnik\u00f3w\/-czek do projektu prowadzona b\u0119dzie w okresie 03.2026-04.2026 r., na terenie LSR LGD \u201eP\u00f3\u0142nocne Mazowsze\u201d.&nbsp;<\/p>\n\n\n\n<p>Rekrutacja b\u0119dzie bezpo\u015brednia, jawna, sformalizowana, dostosowana do zdiagnozowanej sytuacji problemowej Grupy Docelowej. Z uwzgl\u0119dnieniem zasady r\u00f3wno\u015bci szans kobiet i m\u0119\u017cczyzn, dost\u0119pna dla os\u00f3b niepe\u0142nosprawnych.&nbsp;<\/p>\n\n\n\n<p class=\"has-bright-red-background-color has-background has-small-font-size\"><strong>Do&nbsp;udzia\u0142u&nbsp;w&nbsp;projekcie&nbsp;zapraszamy:<\/strong> <strong><\/strong>&nbsp;<\/p>\n\n\n\n<p>40 os\u00f3b (24 Kobiety i 16 M\u0119\u017cczyzn), kt\u00f3re s\u0105 zagro\u017cone ub\u00f3stwem lub wykluczeniem spo\u0142ecznym, pozostaj\u0105ce bez zatrudnienia, w tym osoby bierne zawodowo (12 os\u00f3b).&nbsp;Osobami biernymi&nbsp;ze wzgl\u0119du&nbsp;na przyczyny bierno\u015bci zawodowej do obj\u0119cia wsparciem w ramach projektu b\u0119d\u0105: osoby&nbsp;obarczone&nbsp;obowi\u0105zkami rodzinnymi i opieku\u0144czymi, osoby chore i z niepe\u0142nosprawno\u015bci\u0105&nbsp;i bezrobotne (28os., w tym min. 10os. bezrobotnych d\u0142ugotrwale). Kt\u00f3re zamieszkuj\u0105 w rozumieniu Kodeksu Cywilnego na terenie LSR LGD \u201eP\u00f3\u0142nocne Mazowsze\u201d (tj.: powiat ciechanowski \u2013 gminy: Grudusk, Regimin, Opinog\u00f3ra G\u00f3rna, Ciechan\u00f3w-Gmina wiejska, Go\u0142ymin-O\u015brodek, Ojrze\u0144, So\u0144sk; powiat m\u0142awski \u2013 gminy: Wieczfnia Ko\u015bcielna, Dzierzgowo, Szyd\u0142owo, Stupsk; powiat przasnyski \u2013 gminy: Krzynow\u0142oga Ma\u0142a, Czernice Borowe, Przasnysz-Gmina wiejska, Przasnysz, Krasne; powiat makowski \u2013 gmina: Karniewo), w tym w&nbsp;szczeg\u00f3lno\u015bci:&nbsp;<\/p>\n\n\n\n<ul class=\"wp-block-list\">\n<li>Kobiety&nbsp;&#8211;&nbsp;min.60%&nbsp;(24os.),&nbsp;<\/li>\n<\/ul>\n\n\n\n<ul class=\"wp-block-list\">\n<li>Osoby&nbsp;Niepe\u0142nosprawne&nbsp;&#8211;&nbsp;min.&nbsp;10%&nbsp;(4os.),&nbsp;<\/li>\n<\/ul>\n\n\n\n<ul class=\"wp-block-list\">\n<li>Osoby&nbsp;m\u0142ode&nbsp;&#8211;&nbsp;do&nbsp;29&nbsp;roku&nbsp;\u017cycia&nbsp;&#8211;&nbsp;min.&nbsp;25%&nbsp;(10os.),&nbsp;<\/li>\n<\/ul>\n\n\n\n<div class=\"wp-block-cover is-light has-small-font-size wp-duotone-unset-1\" style=\"min-height:253px;aspect-ratio:unset;\"><span aria-hidden=\"true\" class=\"wp-block-cover__background has-medium-gray-background-color has-background-dim-10 has-background-dim\"><\/span><div class=\"wp-block-cover__inner-container is-layout-flow wp-block-cover-is-layout-flow\">\n<div class=\"wp-block-group has-dark-gray-color has-text-color has-link-color wp-elements-bdf890c3fe51a22d4a21a752e0ac3d8b is-vertical is-layout-flex wp-container-core-group-is-layout-8cf370e7 wp-block-group-is-layout-flex\">\n<p class=\"has-white-color has-medium-gray-background-color has-text-color has-background has-link-color wp-elements-53772f86cd005f0d161d8e7e05ef2f97\"><strong>UWAGA:&nbsp;OSOBY&nbsp;w&nbsp;wieku&nbsp;18-29&nbsp;lat:<\/strong>&nbsp;<\/p>\n\n\n\n<p>&#8211; <strong>zarejestrowane&nbsp;jako&nbsp;bezrobotne;<\/strong>&nbsp;<\/p>\n\n\n\n<p><strong>&#8211; pozostaj\u0105ce&nbsp;poza&nbsp;zatrudnieniem,&nbsp;edukacj\u0105&nbsp;i&nbsp;szkoleniem&nbsp;(NEET);<\/strong>&nbsp;<\/p>\n\n\n\n<p>&#8211; <strong>b\u0119d\u0105ce&nbsp;bezrobotnymi&nbsp;oraz&nbsp;poszukuj\u0105cymi&nbsp;pracy&nbsp;absolwentami&nbsp;szk\u00f3\u0142&nbsp;i&nbsp;uczelni;<\/strong><\/p>\n\n\n\n<p><strong>&#8211; osoby,&nbsp;kt\u00f3re&nbsp;opu\u015bci\u0142y&nbsp;piecz\u0119&nbsp;zast\u0119pcz\u0105;<\/strong>&nbsp;<\/p>\n\n\n\n<p><strong>&#8211; kobiety&nbsp;poni\u017cej&nbsp;30&nbsp;r.\u017c.&nbsp;wychowuj\u0105ce&nbsp;dzieci.<\/strong>&nbsp;<\/p>\n<\/div>\n<\/div><\/div>\n\n\n\n<ul class=\"wp-block-list\">\n<li>Osoby&nbsp;o&nbsp;niskich&nbsp;kwalifikacjach&nbsp;&#8211;&nbsp;do&nbsp;ISCED3&nbsp;\u2013&nbsp;ponadgimnazjalne,&nbsp;<\/li>\n<\/ul>\n\n\n\n<ul class=\"wp-block-list\">\n<li>Osoby&nbsp;zamieszkuj\u0105ce&nbsp;obszary&nbsp;OSI.&nbsp;<\/li>\n<\/ul>\n\n\n\n<p>Projekt&nbsp;realizowany&nbsp;jest&nbsp;na&nbsp;Osi&nbsp;wyznaczonej&nbsp;w&nbsp;Krajowej&nbsp;Strategii&nbsp;Rozwoju&nbsp;Regionalnego&nbsp;i&nbsp;wynikaj\u0105cych ze Strategii Rozwoju WM 2030+ Innowacyjne Mazowsze.&nbsp;<\/p>\n\n\n\n<p>W&nbsp;pierwszej&nbsp;kolejno\u015bci&nbsp;wspiera&nbsp;si\u0119&nbsp;Uczestnik\u00f3w&nbsp;Projektu&nbsp;w&nbsp;najtrudniejszym&nbsp;po\u0142o\u017ceniu&nbsp;spo\u0142eczno- zawodowym, osoby zaliczane do grup pierwsze\u0144stwa.&nbsp;<\/p>\n\n\n\n<p class=\"has-bright-red-background-color has-background has-small-font-size\"><strong>Dokumenty&nbsp;rekrutacyjne:<\/strong>&nbsp;<\/p>\n\n\n\n<ol start=\"1\" class=\"wp-block-list\">\n<li>Formularz&nbsp;rekrutacyjny&nbsp;zawieraj\u0105cy&nbsp;podstawowe&nbsp;dane.&nbsp;<\/li>\n<\/ol>\n\n\n\n<ol start=\"2\" class=\"wp-block-list\">\n<li>O\u015bwiadczenie&nbsp;o&nbsp;nie&nbsp;otrzymywaniu&nbsp;jednocze\u015bnie&nbsp;wsparcia&nbsp;w&nbsp;wi\u0119cej&nbsp;ni\u017c&nbsp;jednym&nbsp;projekcie&nbsp;z zakresu aktywizacji&nbsp;spo\u0142eczno&nbsp;\u2013 zawodowej dofinansowanym z EFS+.&nbsp;<\/li>\n<\/ol>\n\n\n\n<ol start=\"3\" class=\"wp-block-list\">\n<li>Za\u015bwiadczenie\/o\u015bwiadczenie z w\u0142a\u015bciwej instytucji potwierdzaj\u0105ce bycie osob\u0105&nbsp;zagro\u017con\u0105 wykluczeniem spo\u0142ecznym np. z OPS (je\u015bli dot.).&nbsp;<\/li>\n<\/ol>\n\n\n\n<ol start=\"4\" class=\"wp-block-list\">\n<li>ON&nbsp;\u2013&nbsp;orzeczenie\/inny&nbsp;dokument&nbsp;po\u015bwiadczaj\u0105cy&nbsp;stan&nbsp;zdrowia&nbsp;(je\u015bli&nbsp;dot.),&nbsp;<\/li>\n<\/ol>\n\n\n\n<ol start=\"5\" class=\"wp-block-list\">\n<li>Za\u015bwiadczenie&nbsp;potwierdzaj\u0105ce&nbsp;korzystanie&nbsp;z&nbsp;FE&nbsp;P\u017b&nbsp;(je\u015bli&nbsp;dot.).&nbsp;<\/li>\n<\/ol>\n\n\n\n<ol start=\"6\" class=\"wp-block-list\">\n<li>Za\u015bwiadczenie&nbsp;o&nbsp;opuszczeniu&nbsp;plac\u00f3wki&nbsp;opieki&nbsp;instytucjonalnej&nbsp;lub&nbsp;jednostki&nbsp;penitencjarnej&nbsp;(w terminie&nbsp;ost. 12 miesi\u0119cy) (je\u015bli dot.).&nbsp;<\/li>\n<\/ol>\n\n\n\n<ol start=\"7\" class=\"wp-block-list\">\n<li>Za\u015bwiadczenie&nbsp;z&nbsp;PUP\/ZUS\/potwierdzenie&nbsp;z&nbsp;PUE&nbsp;ZUS&nbsp;potwierdzaj\u0105ce&nbsp;pozostawanie&nbsp;bez&nbsp;zatrudnienia.&nbsp;<\/li>\n<\/ol>\n\n\n\n<ol start=\"8\" class=\"wp-block-list\">\n<li>O\u015bwiadczenie&nbsp;o&nbsp;dochodach&nbsp;w&nbsp;gospodarstwie&nbsp;domowym&nbsp;na&nbsp;udost\u0119pnionym&nbsp;wzorze.&nbsp;<\/li>\n<\/ol>\n\n\n\n<ol start=\"9\" class=\"wp-block-list\">\n<li>Za\u015bwiadczenie\/o\u015bwiadczenie&nbsp;o&nbsp;miejscu&nbsp;zamieszkania.&nbsp;<\/li>\n<\/ol>\n\n\n\n<ol start=\"10\" class=\"wp-block-list\">\n<li>O\u015bwiadczenie o zobowi\u0105zaniu do przekazania informacji na temat sytuacji Uczestnika\/-czki&nbsp;Projektu po zako\u0144czeniu udzia\u0142u w projekcie,&nbsp;<\/li>\n<\/ol>\n\n\n\n<ol start=\"11\" class=\"wp-block-list\">\n<li>O\u015bwiadczenie dot. os\u00f3b w wieku 18-29 lat (Gwarancja dla m\u0142odzie\u017cy) (je\u015bli dot.).&nbsp;<\/li>\n<\/ol>\n\n\n\n<p class=\"has-bright-red-background-color has-background has-small-font-size\"><strong>Etap&nbsp;1:&nbsp;Ocena&nbsp;formalna<\/strong>&nbsp;<\/p>\n\n\n\n<p>Po&nbsp;z\u0142o\u017ceniu&nbsp;dokument\u00f3w&nbsp;zostanie&nbsp;oceniona&nbsp;ich&nbsp;kompletno\u015b\u0107&nbsp;i&nbsp;kwalifikowalno\u015b\u0107 &#8211;&nbsp;spe\u0142nienie&nbsp;kryteri\u00f3w grupy docelowej (spe\u0142nia\/nie spe\u0142nia).&nbsp;<\/p>\n\n\n\n<p class=\"has-bright-red-background-color has-background has-small-font-size\"><strong>Etap&nbsp;2:&nbsp;Ocena&nbsp;merytoryczna&nbsp;\u2013&nbsp;punktowa<\/strong>&nbsp;<\/p>\n\n\n\n<p>Za&nbsp;spe\u0142nienie&nbsp;poni\u017cszych&nbsp;warunk\u00f3w&nbsp;na&nbsp;podstawie&nbsp;z\u0142o\u017conych&nbsp;dokument\u00f3w&nbsp;zostan\u0105&nbsp;przyznane&nbsp;punkty (max. 80 pkt.)&nbsp;<\/p>\n\n\n\n<ol start=\"1\" class=\"wp-block-list\">\n<li>Osoby&nbsp;do\u015bwiadczaj\u0105ce&nbsp;wielokrotnego&nbsp;wykluczenia&nbsp;spo\u0142ecznego.&nbsp;<\/li>\n<\/ol>\n\n\n\n<ol start=\"2\" class=\"wp-block-list\">\n<li>Osoby&nbsp;o&nbsp;znacznym\/umiarkowanym&nbsp;stopniu&nbsp;niepe\u0142nosprawno\u015bci.&nbsp;<\/li>\n<\/ol>\n\n\n\n<ol start=\"3\" class=\"wp-block-list\">\n<li>Osoby z niepe\u0142nosprawno\u015bci\u0105 spr\u0119\u017con\u0105, z chorobami psychicznymi, z&nbsp;niepe\u0142nosprawno\u015bci\u0105 intelektualn\u0105, z ca\u0142o\u015bciowymi zaburzeniami rozwojowymi.&nbsp;<\/li>\n<\/ol>\n\n\n\n<ol start=\"4\" class=\"wp-block-list\">\n<li>Osoby&nbsp;korzystaj\u0105ce&nbsp;z&nbsp;FE&nbsp;P\u017b.&nbsp;<\/li>\n<\/ol>\n\n\n\n<ol start=\"5\" class=\"wp-block-list\">\n<li>Osoby&nbsp;opuszczaj\u0105ce&nbsp;plac\u00f3wki&nbsp;opieki&nbsp;instytucjonalnej.&nbsp;<\/li>\n<\/ol>\n\n\n\n<ol start=\"6\" class=\"wp-block-list\">\n<li>Osoby&nbsp;wykluczone&nbsp;komunikacyjnie.&nbsp;<\/li>\n<\/ol>\n\n\n\n<ol start=\"7\" class=\"wp-block-list\">\n<li>Osoby,&nbsp;kt\u00f3re&nbsp;opu\u015bci\u0142y&nbsp;jednostki&nbsp;penitencjarne&nbsp;w&nbsp;terminie&nbsp;ostatnich&nbsp;12&nbsp;miesi\u0119cy.&nbsp;<\/li>\n<\/ol>\n\n\n\n<p><strong>Ponadto&nbsp;premiowane&nbsp;b\u0119d\u0105:<\/strong>&nbsp;<\/p>\n\n\n\n<ol start=\"1\" class=\"wp-block-list\">\n<li>Osoby&nbsp;wykszta\u0142cone&nbsp;do&nbsp;ISCED3&nbsp;\u2013&nbsp;1&nbsp;pkt.&nbsp;<\/li>\n<\/ol>\n\n\n\n<ol start=\"2\" class=\"wp-block-list\">\n<li>Kobiety&nbsp;\u2013&nbsp;2&nbsp;pkt.&nbsp;<\/li>\n<\/ol>\n\n\n\n<ol start=\"3\" class=\"wp-block-list\">\n<li>Spe\u0142nienie&nbsp;kryterium&nbsp;ub\u00f3stwa&nbsp;\u2013&nbsp;2&nbsp;pkt.&nbsp;<\/li>\n<\/ol>\n\n\n\n<ol start=\"4\" class=\"wp-block-list\">\n<li>Osoby&nbsp;do&nbsp;29&nbsp;roku&nbsp;\u017cycia&nbsp;\u2013&nbsp;3&nbsp;pkt.&nbsp;<\/li>\n<\/ol>\n\n\n\n<ol start=\"5\" class=\"wp-block-list\">\n<li>Zamieszkanie&nbsp;na&nbsp;obszarach&nbsp;OSI&nbsp;\u2013&nbsp;2&nbsp;pkt.&nbsp;<\/li>\n<\/ol>\n\n\n\n<p>Komisja Rekrutacyjna stworzy wst\u0119pn\u0105 list\u0119 rankingow\u0105. Kandydaci poinformowani zostan\u0105 o wynikach telefonicznie, maj\u0105 mo\u017cliwo\u015b\u0107 odwo\u0142ania pisemnie w ci\u0105gu 7 dni od otrzymania wynik\u00f3w. Ostateczna lista Uczestnik\u00f3w\/-czek Projektu obejmie 40os. z najwy\u017csz\u0105 liczb\u0105 punkt\u00f3w, \u015brednio 20os.\/m-c. Lista rezerwowa 2os.\/m-c, z kt\u00f3rej kwalifikowane b\u0119d\u0105 osoby w przypadku rezygnacji Uczestnik\u00f3w\/-czek Projektu do czasu zrealizowania 20% zaj\u0119\u0107 pierwszego zadania grupowego.&nbsp;<\/p>\n\n\n\n<p><strong>W&nbsp;przypadku&nbsp;r\u00f3wnej&nbsp;liczby&nbsp;punkt\u00f3w&nbsp;decyduje:<\/strong>&nbsp;<\/p>\n\n\n\n<ol start=\"1\" class=\"wp-block-list\">\n<li>Przynale\u017cno\u015b\u0107&nbsp;do&nbsp;grupy&nbsp;pierwsze\u0144stwa&nbsp;<\/li>\n<\/ol>\n\n\n\n<ol start=\"2\" class=\"wp-block-list\">\n<li>Bycie&nbsp;Kobiet\u0105&nbsp;<\/li>\n<\/ol>\n\n\n\n<ol start=\"3\" class=\"wp-block-list\">\n<li>Kolejno\u015b\u0107&nbsp;zg\u0142osze\u0144<\/li>\n<\/ol>\n\n\n\n<hr class=\"wp-block-separator has-text-color has-bright-red-color has-alpha-channel-opacity has-bright-red-background-color has-background\"\/>\n\n\n\n<p class=\"has-bright-red-background-color has-background has-small-font-size\"><strong>FORMULARZ REKRUTACYJNY<\/strong><\/p>\n\n\n\n<div class=\"forminator-guttenberg\"><div class=\"forminator-ui forminator-custom-form forminator-custom-form-48 forminator-design--material  forminator_ajax\" data-forminator-render=\"0\" data-form=\"forminator-module-48\" data-uid=\"69e4a7567cf44\"><br\/><\/div><form\n\t\t\t\tid=\"forminator-module-48\"\n\t\t\t\tclass=\"forminator-ui forminator-custom-form forminator-custom-form-48 forminator-design--material  forminator_ajax\"\n\t\t\t\tmethod=\"post\"\n\t\t\t\tdata-forminator-render=\"0\"\n\t\t\t\tdata-form-id=\"48\"\n\t\t\t\tenctype=\"multipart\/form-data\" data-color-option=\"theme\" data-design=\"material\" data-grid=\"open\" style=\"display: none;\"\n\t\t\t\tdata-uid=\"69e4a7567cf44\"\n\t\t\t><div role=\"alert\" aria-live=\"polite\" class=\"forminator-response-message forminator-error\" aria-hidden=\"true\"><\/div><div class=\"forminator-row\"><div id=\"name-1\" class=\"forminator-field-name forminator-col forminator-col-12 \"><div class=\"forminator-field\"><label for=\"forminator-field-name-1_69e4a7567cf44\" id=\"forminator-field-name-1_69e4a7567cf44-label\" class=\"forminator-label\">Imi\u0119 i nazwisko <span class=\"forminator-required\">*<\/span><\/label><input type=\"text\" name=\"name-1\" value=\"\" placeholder=\"\" id=\"forminator-field-name-1_69e4a7567cf44\" class=\"forminator-input forminator-name--field\" aria-required=\"true\" autocomplete=\"name\" \/><\/div><\/div><\/div><div class=\"forminator-row\"><div id=\"email-1\" class=\"forminator-field-email forminator-col forminator-col-12 \"><div class=\"forminator-field\"><label for=\"forminator-field-email-1_69e4a7567cf44\" id=\"forminator-field-email-1_69e4a7567cf44-label\" class=\"forminator-label\">Adres e-mail <span class=\"forminator-required\">*<\/span><\/label><input type=\"email\" name=\"email-1\" value=\"\" placeholder=\"\" id=\"forminator-field-email-1_69e4a7567cf44\" class=\"forminator-input forminator-email--field\" data-required=\"true\" aria-required=\"true\" autocomplete=\"email\" \/><\/div><\/div><\/div><div class=\"forminator-row\"><div id=\"phone-1\" class=\"forminator-field-phone forminator-col forminator-col-12 \"><div class=\"forminator-field\"><label for=\"forminator-field-phone-1_69e4a7567cf44\" id=\"forminator-field-phone-1_69e4a7567cf44-label\" class=\"forminator-label\">Numer telefonu <span class=\"forminator-required\">*<\/span><\/label><input type=\"text\" name=\"phone-1\" value=\"\" placeholder=\"\" id=\"forminator-field-phone-1_69e4a7567cf44\" class=\"forminator-input forminator-field--phone\" data-required=\"1\" aria-required=\"true\" autocomplete=\"off\" \/><\/div><\/div><\/div><div class=\"forminator-row\"><div id=\"textarea-1\" class=\"forminator-field-textarea forminator-col forminator-col-12 \"><div class=\"forminator-field\"><label for=\"forminator-field-textarea-1_69e4a7567cf44\" id=\"forminator-field-textarea-1_69e4a7567cf44-label\" class=\"forminator-label\">Wiadomo\u015b\u0107 (opcjonalnie)<\/label><span id=\"forminator-field-textarea-1_69e4a7567cf44-description\" class=\"forminator-description\"><span data-limit=\"180\" data-type=\"characters\" data-editor=\"\">0 \/ 180<\/span><\/span><textarea name=\"textarea-1\" placeholder=\"\" id=\"forminator-field-textarea-1_69e4a7567cf44\" class=\"forminator-textarea\" rows=\"6\" style=\"min-height:140px;\" maxlength=\"180\" ><\/textarea><\/div><\/div><\/div><div class=\"forminator-row\"><div id=\"text-1\" class=\"forminator-field-text forminator-col forminator-col-12 \"><div class=\"forminator-field\"><label for=\"forminator-field-text-1_69e4a7567cf44\" id=\"forminator-field-text-1_69e4a7567cf44-label\" class=\"forminator-label\">ZA\u0141\u0104CZ DOKUMENTY REKRUTACYJNE<\/label><span id=\"forminator-field-text-1_69e4a7567cf44-description\" class=\"forminator-description\">Obs\u0142ugiwane typy plik\u00f3w: JPG, BMP, TIFF, PDF, DOC\/DOCX, ODT<\/span><input type=\"text\" name=\"text-1\" value=\"\" placeholder=\"\" id=\"forminator-field-text-1_69e4a7567cf44\" class=\"forminator-input forminator-name--field\" data-required=\"\" aria-describedby=\"forminator-field-text-1_69e4a7567cf44-description\" \/><\/div><\/div><\/div><div class=\"forminator-row\"><div id=\"upload-1\" class=\"forminator-field-upload forminator-col forminator-col-12 \"><div class=\"forminator-field\"><label for=\"forminator-field-upload-1_69e4a7567cf44\" id=\"forminator-field-upload-1_69e4a7567cf44-label\" class=\"forminator-label\">Prze\u015blij pliki <span class=\"forminator-required\">*<\/span><\/label><div class=\"forminator-file-upload \" data-element=\"upload-1_69e4a7567cf44\"><input type=\"file\" name=\"upload-1\" id=\"forminator-field-upload-1_69e4a7567cf44\" class=\"forminator-input-file-required do-validate\" accept=\".avif,.heif,.heics,.heifs,.doc,.docx,.dotx,.odt,.pdf,.jpg,.jpeg,.jpe,.png,.tiff,.tif\" tabindex=\"-1\"><button id=\"forminator-field-upload-1_69e4a7567cf44_button\" class=\"forminator-button forminator-button-upload\" data-id=\"forminator-field-upload-1_69e4a7567cf44\">Wybierz plik<\/button><span data-empty-text=\"Nie wybrano \u017cadnego pliku\">Nie wybrano \u017cadnego pliku<\/span><button class=\"forminator-button-delete\" style=\"display: none;\"><i class=\"forminator-icon-close\" aria-hidden=\"true\"><\/i><span class=\"forminator-screen-reader-only\">Usu\u0144 przes\u0142any plik<\/span><\/button><\/div><\/div><\/div><\/div><input type=\"hidden\" name=\"referer_url\" value=\"\" \/><div class=\"forminator-row forminator-row-last\"><div class=\"forminator-col\"><div class=\"forminator-field\"><button class=\"forminator-button forminator-button-submit\"><span>Wy\u015blij<\/span><span aria-hidden=\"true\"><\/span><\/button><\/div><\/div><\/div><input type=\"hidden\" id=\"forminator_nonce\" name=\"forminator_nonce\" value=\"be7b711231\" \/><input type=\"hidden\" name=\"_wp_http_referer\" value=\"\/index.php?rest_route=%2Fwp%2Fv2%2Fpages%2F30\" \/><input type=\"hidden\" name=\"form_id\" value=\"48\"><input type=\"hidden\" name=\"page_id\" value=\"30\"><input type=\"hidden\" name=\"form_type\" value=\"default\"><input type=\"hidden\" name=\"current_url\" value=\"http:\/\/aktywnoscsieoplaca.cityschool.pl\/?page_id=30\"><input type=\"hidden\" name=\"render_id\" value=\"0\"><input type=\"hidden\" name=\"action\" value=\"forminator_submit_form_custom-forms\"><\/form><\/div>\n\n\n\n<p><\/p>\n<div class=\"gsp_post_data\" \r\n\t            data-post_type=\"page\" \r\n\t            data-cat=\"\" \r\n\t            data-modified=\"120\"\r\n\t            data-created=\"1774816201\"\r\n\t            data-title=\"REKRUTACJA\" \r\n\t            data-home=\"http:\/\/aktywnoscsieoplaca.cityschool.pl\"><\/div>","protected":false},"excerpt":{"rendered":"<p>Rekrutacja Uczestnik\u00f3w\/-czek do projektu prowadzona b\u0119dzie w okresie 03.2026-04.2026 r., na terenie LSR LGD \u201eP\u00f3\u0142nocne Mazowsze\u201d.&nbsp; Rekrutacja b\u0119dzie bezpo\u015brednia, jawna, sformalizowana, dostosowana do zdiagnozowanej sytuacji problemowej Grupy Docelowej. Z uwzgl\u0119dnieniem zasady r\u00f3wno\u015bci szans kobiet i m\u0119\u017cczyzn, dost\u0119pna dla os\u00f3b niepe\u0142nosprawnych.&nbsp; Do&nbsp;udzia\u0142u&nbsp;w&nbsp;projekcie&nbsp;zapraszamy: &nbsp; 40 os\u00f3b (24 Kobiety i 16 M\u0119\u017cczyzn), kt\u00f3re s\u0105 zagro\u017cone ub\u00f3stwem lub wykluczeniem &hellip; <a href=\"http:\/\/aktywnoscsieoplaca.cityschool.pl\/?page_id=30\" class=\"more-link\">Czytaj dalej<span class=\"screen-reader-text\"> \u201eREKRUTACJA\u201d<\/span><\/a><\/p>\n","protected":false},"author":1,"featured_media":0,"parent":0,"menu_order":0,"comment_status":"closed","ping_status":"closed","template":"","meta":{"footnotes":""},"class_list":["post-30","page","type-page","status-publish","hentry"],"yoast_head":"<!-- This site is optimized with the Yoast SEO plugin v27.2 - https:\/\/yoast.com\/product\/yoast-seo-wordpress\/ -->\n<title>REKRUTACJA -<\/title>\n<meta name=\"robots\" content=\"index, follow, max-snippet:-1, max-image-preview:large, max-video-preview:-1\" \/>\n<link rel=\"canonical\" href=\"http:\/\/aktywnoscsieoplaca.cityschool.pl\/?page_id=30\" \/>\n<meta property=\"og:locale\" content=\"pl_PL\" \/>\n<meta property=\"og:type\" content=\"article\" \/>\n<meta property=\"og:title\" content=\"REKRUTACJA -\" \/>\n<meta property=\"og:description\" content=\"Rekrutacja Uczestnik\u00f3w\/-czek do projektu prowadzona b\u0119dzie w okresie 03.2026-04.2026 r., na terenie LSR LGD \u201eP\u00f3\u0142nocne Mazowsze\u201d.&nbsp; Rekrutacja b\u0119dzie bezpo\u015brednia, jawna, sformalizowana, dostosowana do zdiagnozowanej sytuacji problemowej Grupy Docelowej. Z uwzgl\u0119dnieniem zasady r\u00f3wno\u015bci szans kobiet i m\u0119\u017cczyzn, dost\u0119pna dla os\u00f3b niepe\u0142nosprawnych.&nbsp; Do&nbsp;udzia\u0142u&nbsp;w&nbsp;projekcie&nbsp;zapraszamy: &nbsp; 40 os\u00f3b (24 Kobiety i 16 M\u0119\u017cczyzn), kt\u00f3re s\u0105 zagro\u017cone ub\u00f3stwem lub wykluczeniem &hellip; Czytaj dalej \u201eREKRUTACJA\u201d\" \/>\n<meta property=\"og:url\" content=\"http:\/\/aktywnoscsieoplaca.cityschool.pl\/?page_id=30\" \/>\n<meta property=\"article:modified_time\" content=\"2026-03-29T19:17:12+00:00\" \/>\n<meta name=\"twitter:label1\" content=\"Szacowany czas czytania\" \/>\n\t<meta name=\"twitter:data1\" content=\"4 minuty\" \/>\n<script type=\"application\/ld+json\" class=\"yoast-schema-graph\">{\"@context\":\"https:\/\/schema.org\",\"@graph\":[{\"@type\":\"WebPage\",\"@id\":\"http:\/\/aktywnoscsieoplaca.cityschool.pl\/?page_id=30\",\"url\":\"http:\/\/aktywnoscsieoplaca.cityschool.pl\/?page_id=30\",\"name\":\"REKRUTACJA -\",\"isPartOf\":{\"@id\":\"http:\/\/aktywnoscsieoplaca.cityschool.pl\/#website\"},\"datePublished\":\"2026-03-29T18:30:01+00:00\",\"dateModified\":\"2026-03-29T19:17:12+00:00\",\"breadcrumb\":{\"@id\":\"http:\/\/aktywnoscsieoplaca.cityschool.pl\/?page_id=30#breadcrumb\"},\"inLanguage\":\"pl-PL\",\"potentialAction\":[{\"@type\":\"ReadAction\",\"target\":[\"http:\/\/aktywnoscsieoplaca.cityschool.pl\/?page_id=30\"]}]},{\"@type\":\"BreadcrumbList\",\"@id\":\"http:\/\/aktywnoscsieoplaca.cityschool.pl\/?page_id=30#breadcrumb\",\"itemListElement\":[{\"@type\":\"ListItem\",\"position\":1,\"name\":\"Home\",\"item\":\"http:\/\/aktywnoscsieoplaca.cityschool.pl\/\"},{\"@type\":\"ListItem\",\"position\":2,\"name\":\"REKRUTACJA\"}]},{\"@type\":\"WebSite\",\"@id\":\"http:\/\/aktywnoscsieoplaca.cityschool.pl\/#website\",\"url\":\"http:\/\/aktywnoscsieoplaca.cityschool.pl\/\",\"name\":\"\",\"description\":\"\",\"potentialAction\":[{\"@type\":\"SearchAction\",\"target\":{\"@type\":\"EntryPoint\",\"urlTemplate\":\"http:\/\/aktywnoscsieoplaca.cityschool.pl\/?s={search_term_string}\"},\"query-input\":{\"@type\":\"PropertyValueSpecification\",\"valueRequired\":true,\"valueName\":\"search_term_string\"}}],\"inLanguage\":\"pl-PL\"}]}<\/script>\n<!-- \/ Yoast SEO plugin. -->","yoast_head_json":{"title":"REKRUTACJA -","robots":{"index":"index","follow":"follow","max-snippet":"max-snippet:-1","max-image-preview":"max-image-preview:large","max-video-preview":"max-video-preview:-1"},"canonical":"http:\/\/aktywnoscsieoplaca.cityschool.pl\/?page_id=30","og_locale":"pl_PL","og_type":"article","og_title":"REKRUTACJA -","og_description":"Rekrutacja Uczestnik\u00f3w\/-czek do projektu prowadzona b\u0119dzie w okresie 03.2026-04.2026 r., na terenie LSR LGD \u201eP\u00f3\u0142nocne Mazowsze\u201d.&nbsp; Rekrutacja b\u0119dzie bezpo\u015brednia, jawna, sformalizowana, dostosowana do zdiagnozowanej sytuacji problemowej Grupy Docelowej. Z uwzgl\u0119dnieniem zasady r\u00f3wno\u015bci szans kobiet i m\u0119\u017cczyzn, dost\u0119pna dla os\u00f3b niepe\u0142nosprawnych.&nbsp; Do&nbsp;udzia\u0142u&nbsp;w&nbsp;projekcie&nbsp;zapraszamy: &nbsp; 40 os\u00f3b (24 Kobiety i 16 M\u0119\u017cczyzn), kt\u00f3re s\u0105 zagro\u017cone ub\u00f3stwem lub wykluczeniem &hellip; Czytaj dalej \u201eREKRUTACJA\u201d","og_url":"http:\/\/aktywnoscsieoplaca.cityschool.pl\/?page_id=30","article_modified_time":"2026-03-29T19:17:12+00:00","twitter_misc":{"Szacowany czas czytania":"4 minuty"},"schema":{"@context":"https:\/\/schema.org","@graph":[{"@type":"WebPage","@id":"http:\/\/aktywnoscsieoplaca.cityschool.pl\/?page_id=30","url":"http:\/\/aktywnoscsieoplaca.cityschool.pl\/?page_id=30","name":"REKRUTACJA -","isPartOf":{"@id":"http:\/\/aktywnoscsieoplaca.cityschool.pl\/#website"},"datePublished":"2026-03-29T18:30:01+00:00","dateModified":"2026-03-29T19:17:12+00:00","breadcrumb":{"@id":"http:\/\/aktywnoscsieoplaca.cityschool.pl\/?page_id=30#breadcrumb"},"inLanguage":"pl-PL","potentialAction":[{"@type":"ReadAction","target":["http:\/\/aktywnoscsieoplaca.cityschool.pl\/?page_id=30"]}]},{"@type":"BreadcrumbList","@id":"http:\/\/aktywnoscsieoplaca.cityschool.pl\/?page_id=30#breadcrumb","itemListElement":[{"@type":"ListItem","position":1,"name":"Home","item":"http:\/\/aktywnoscsieoplaca.cityschool.pl\/"},{"@type":"ListItem","position":2,"name":"REKRUTACJA"}]},{"@type":"WebSite","@id":"http:\/\/aktywnoscsieoplaca.cityschool.pl\/#website","url":"http:\/\/aktywnoscsieoplaca.cityschool.pl\/","name":"","description":"","potentialAction":[{"@type":"SearchAction","target":{"@type":"EntryPoint","urlTemplate":"http:\/\/aktywnoscsieoplaca.cityschool.pl\/?s={search_term_string}"},"query-input":{"@type":"PropertyValueSpecification","valueRequired":true,"valueName":"search_term_string"}}],"inLanguage":"pl-PL"}]}},"_links":{"self":[{"href":"http:\/\/aktywnoscsieoplaca.cityschool.pl\/index.php?rest_route=\/wp\/v2\/pages\/30","targetHints":{"allow":["GET"]}}],"collection":[{"href":"http:\/\/aktywnoscsieoplaca.cityschool.pl\/index.php?rest_route=\/wp\/v2\/pages"}],"about":[{"href":"http:\/\/aktywnoscsieoplaca.cityschool.pl\/index.php?rest_route=\/wp\/v2\/types\/page"}],"author":[{"embeddable":true,"href":"http:\/\/aktywnoscsieoplaca.cityschool.pl\/index.php?rest_route=\/wp\/v2\/users\/1"}],"replies":[{"embeddable":true,"href":"http:\/\/aktywnoscsieoplaca.cityschool.pl\/index.php?rest_route=%2Fwp%2Fv2%2Fcomments&post=30"}],"version-history":[{"count":3,"href":"http:\/\/aktywnoscsieoplaca.cityschool.pl\/index.php?rest_route=\/wp\/v2\/pages\/30\/revisions"}],"predecessor-version":[{"id":52,"href":"http:\/\/aktywnoscsieoplaca.cityschool.pl\/index.php?rest_route=\/wp\/v2\/pages\/30\/revisions\/52"}],"wp:attachment":[{"href":"http:\/\/aktywnoscsieoplaca.cityschool.pl\/index.php?rest_route=%2Fwp%2Fv2%2Fmedia&parent=30"}],"curies":[{"name":"wp","href":"https:\/\/api.w.org\/{rel}","templated":true}]}}