{"id":2,"date":"2026-03-28T23:48:11","date_gmt":"2026-03-28T22:48:11","guid":{"rendered":"https:\/\/example.com\/?page_id=2"},"modified":"2026-03-29T20:20:57","modified_gmt":"2026-03-29T18:20:57","slug":"przykladowa-strona","status":"publish","type":"page","link":"http:\/\/aktywnoscsieoplaca.cityschool.pl\/","title":{"rendered":"O PROJEKCIE"},"content":{"rendered":"\n<p><strong>Firma&nbsp;Cityschool&nbsp;Sp.&nbsp;z&nbsp;o.o.&nbsp;<\/strong>w&nbsp;partnerstwie&nbsp;<strong>Forum&nbsp;Aktywno\u015bci&nbsp;Spo\u0142ecznej&nbsp;<\/strong>realizuje&nbsp;projekt \u201e<strong>Aktywno\u015b\u0107 si\u0119 op\u0142aca!\u201d nr FEMA.08.01-IP.01-08EZ\/25&nbsp;<\/strong>wsp\u00f3\u0142finansowanego&nbsp;ze \u015brodk\u00f3w Europejskiego Funduszu Spo\u0142ecznego Plus w ramach Priorytetu VIII Fundusze Europejskie dla aktywnej integracji oraz rozwoju us\u0142ug spo\u0142ecznych i zawodowych na Mazowszu Dzia\u0142ania 8.1 Aktywizacja spo\u0142eczna i zawodowa programu Fundusze Europejskie dla Mazowsza 2021-2027.&nbsp;<\/p>\n\n\n\n<p class=\"is-style-text-subtitle has-base-color has-bright-red-background-color has-text-color has-background has-link-color has-medium-font-size wp-elements-22c9420c8945f8bebe9190109ec2902a\" style=\"border-top-left-radius:0px;border-top-right-radius:0px;border-bottom-left-radius:0px;border-bottom-right-radius:0px\"><strong>Cel&nbsp;g\u0142\u00f3wny&nbsp;projektu:<\/strong>&nbsp;<\/p>\n\n\n\n<p>Podniesienie&nbsp;aktywno\u015bci&nbsp;spo\u0142eczno&nbsp;&#8211; zawodowej&nbsp;oraz zdolno\u015bci&nbsp;do&nbsp;zatrudnienia&nbsp;<strong>40 os\u00f3b doros\u0142ych (24 Kobiety, 16 M\u0119\u017cczyzn, 4 Osoby Niepe\u0142nosprawne)<\/strong>, pozostaj\u0105cych bez zatrudnienia, zagro\u017conych ub\u00f3stwem lub wykluczeniem spo\u0142ecznym, zamieszkuj\u0105cych na obszarze LSR LGD \u201eP\u00f3\u0142nocne Mazowsze\u201d (tj.: powiat ciechanowski &#8211; gminy: Grudusk, Regimin, Opinog\u00f3ra G\u00f3rna, Ciechan\u00f3w\u2013gmina wiejska, Go\u0142ymin-O\u015brodek, Ojrze\u0144, So\u0144sk; powiat m\u0142awski \u2013 gminy: Wieczfnia Ko\u015bcielna, Dzierzgowo, Szyd\u0142owo, Stupsk; powiat przasnyski \u2013 gmina: Krzynow\u0142oga Ma\u0142a, Czernice Borowe, Przasnysz \u2013 gmina wiejska, Przasnysz, Krasne; powiat makowski \u2013 gmina: Karniewo) wojew\u00f3dztwa mazowieckiego (w okresie 01.03.2026&nbsp;&#8211;&nbsp;31.12.2026 r.), poprzez skorzystanie ze zindywidualizowanego i kompleksowego wsparcia w projekcie, skutkuj\u0105cego popraw\u0105 sytuacji spo\u0142ecznej min. 36 os\u00f3b, uzyskaniem kwalifikacji zawodowych przez min. 36 os\u00f3b, podj\u0119ciem zatrudnienia przez min. 8 os\u00f3b oraz poszukiwaniem pracy przez min.&nbsp;5 os\u00f3b.&nbsp;<\/p>\n\n\n\n<p class=\"is-style-text-subtitle has-base-color has-bright-red-background-color has-text-color has-background has-link-color has-medium-font-size wp-elements-6333625dc95181c5d0a006ca16db6c1d\"><strong>Cele&nbsp;szczeg\u00f3\u0142owe&nbsp;projektu:<\/strong>&nbsp;<\/p>\n\n\n\n<ul class=\"wp-block-list\">\n<li>Zdiagnozowanie&nbsp;potrzeby&nbsp;Uczestnik\u00f3w\/-czek&nbsp;Projektu&nbsp;i&nbsp;opracowanie&nbsp;indywidualnych&nbsp;plan\u00f3w wsparcia dla 40 Uczestnik\u00f3w\/-czek Projektu.&nbsp;<\/li>\n<\/ul>\n\n\n\n<ul class=\"wp-block-list\">\n<li>Podniesienie&nbsp;samooceny&nbsp;i&nbsp;motywacji&nbsp;do&nbsp;zmian&nbsp;przez&nbsp;min.&nbsp;90%&nbsp;z&nbsp;40&nbsp;Uczestnik\u00f3w\/-czek&nbsp;Projektu.&nbsp;<\/li>\n<\/ul>\n\n\n\n<ul class=\"wp-block-list\">\n<li>Nabycie\/podniesienie&nbsp;kompetencji&nbsp;spo\u0142ecznych&nbsp;przez&nbsp;min.&nbsp;90%&nbsp;z&nbsp;40&nbsp;Uczestnik\u00f3w\/-czek&nbsp;Projektu.&nbsp;<\/li>\n<\/ul>\n\n\n\n<ul class=\"wp-block-list\">\n<li>Nabycie\/podniesienie&nbsp;kompetencji&nbsp;w&nbsp;zakresie&nbsp;poszukiwania&nbsp;zatrudnienia&nbsp;przez&nbsp;min.&nbsp;90%&nbsp;z&nbsp;40 Uczestnik\u00f3w\/-czki&nbsp;Projektu.&nbsp;<\/li>\n<\/ul>\n\n\n\n<ul class=\"wp-block-list\">\n<li>Nabycie&nbsp;kwalifikacji\/kompetencji&nbsp;zawodowych&nbsp;przez&nbsp;min.&nbsp;90%&nbsp;z&nbsp;40&nbsp;Uczestnik\u00f3w\/-czki&nbsp;Projektu.&nbsp;<\/li>\n<\/ul>\n\n\n\n<ul class=\"wp-block-list\">\n<li>Nawi\u0105zanie&nbsp;kontakt\u00f3w&nbsp;z&nbsp;lokalnymi&nbsp;pracodawcami&nbsp;przez&nbsp;min.&nbsp;90%&nbsp;z&nbsp;40&nbsp;Uczestnik\u00f3w\/-czek&nbsp;Projektu.&nbsp;<\/li>\n<\/ul>\n\n\n\n<ul class=\"wp-block-list\">\n<li>Nabycie&nbsp;do\u015bwiadczenia&nbsp;zawodowego&nbsp;odpowiadaj\u0105cego&nbsp;na&nbsp;potrzeby&nbsp;pracodawc\u00f3w&nbsp;przez&nbsp;min. 90% z 21 Uczestnik\u00f3w\/-czki&nbsp;Projektu.&nbsp;<\/li>\n<\/ul>\n\n\n\n<p class=\"is-style-text-subtitle has-base-color has-bright-red-background-color has-text-color has-background has-link-color has-medium-font-size wp-elements-b472062611f66605deab75664d1045aa\"><strong>G\u0142\u00f3wne&nbsp;efekty\/rezultaty&nbsp;projektu:<\/strong>&nbsp;<\/p>\n\n\n\n<ul class=\"wp-block-list\">\n<li>Liczba&nbsp;os\u00f3b&nbsp;z&nbsp;niepe\u0142nosprawno\u015bciami&nbsp;obj\u0119tych&nbsp;wsparciem&nbsp;w&nbsp;programie&nbsp;\u2013&nbsp;<strong>4&nbsp;os.&nbsp;(3K\/1M)<\/strong>&nbsp;<\/li>\n<\/ul>\n\n\n\n<ul class=\"wp-block-list\">\n<li>Liczba&nbsp;os\u00f3b&nbsp;biernych&nbsp;zawodowo&nbsp;obj\u0119tych&nbsp;wsparciem&nbsp;w&nbsp;programie&nbsp;\u2013&nbsp;<strong>12&nbsp;os.&nbsp;(8K\/4M)<\/strong>&nbsp;<\/li>\n<\/ul>\n\n\n\n<ul class=\"wp-block-list\">\n<li>Liczba&nbsp;os\u00f3b&nbsp;d\u0142ugotrwale&nbsp;bezrobotnych&nbsp;obj\u0119tych&nbsp;wsparciem&nbsp;w&nbsp;programie&nbsp;\u2013&nbsp;<strong>10&nbsp;os.&nbsp;(6K\/4M)<\/strong>&nbsp;<\/li>\n<\/ul>\n\n\n\n<ul class=\"wp-block-list\">\n<li>Liczba&nbsp;os\u00f3b&nbsp;niezatrudnionych&nbsp;obj\u0119tych&nbsp;wsparciem&nbsp;w&nbsp;programie&nbsp;\u2013&nbsp;<strong>40&nbsp;os.&nbsp;(24K\/16M)<\/strong>&nbsp;<\/li>\n<\/ul>\n\n\n\n<ul class=\"wp-block-list\">\n<li>Liczba&nbsp;os\u00f3b,&nbsp;kt\u00f3rych&nbsp;sytuacja&nbsp;spo\u0142eczna&nbsp;uleg\u0142a&nbsp;poprawie&nbsp;po&nbsp;opuszczeniu&nbsp;programu&nbsp;\u2013&nbsp;<strong>36&nbsp;os.&nbsp;(22K\/14M)<\/strong>&nbsp;<\/li>\n<\/ul>\n\n\n\n<ul class=\"wp-block-list\">\n<li>Liczba&nbsp;os\u00f3b,&nbsp;kt\u00f3re&nbsp;uzyska\u0142y&nbsp;kwalifikacje&nbsp;po&nbsp;opuszczeniu&nbsp;programu&nbsp;\u2013&nbsp;<strong>36&nbsp;os.&nbsp;(22K\/14M)<\/strong>&nbsp;<\/li>\n<\/ul>\n\n\n\n<ul class=\"wp-block-list\">\n<li>Liczba&nbsp;os\u00f3b&nbsp;poszukuj\u0105cych&nbsp;pracy&nbsp;po&nbsp;opuszczeniu&nbsp;programu&nbsp;\u2013&nbsp;<strong>5&nbsp;os.&nbsp;(3K\/2M)<\/strong>&nbsp;<\/li>\n<\/ul>\n\n\n\n<ul class=\"wp-block-list\">\n<li>Liczba&nbsp;os\u00f3b&nbsp;pracuj\u0105cych,&nbsp;\u0142\u0105cznie&nbsp;z&nbsp;prowadz\u0105cymi&nbsp;dzia\u0142alno\u015b\u0107&nbsp;na&nbsp;w\u0142asny&nbsp;rachunek&nbsp;po opuszczeniu programu \u2013&nbsp;<strong>8 os. (5K\/3M)<\/strong>&nbsp;<\/li>\n<\/ul>\n\n\n\n<ul class=\"wp-block-list\">\n<li>Liczba&nbsp;os\u00f3b&nbsp;w&nbsp;wieku&nbsp;18&nbsp;&#8211;&nbsp;29&nbsp;lat&nbsp;obj\u0119tych&nbsp;wsparciem&nbsp;w&nbsp;programie&nbsp;\u2013&nbsp;<strong>10&nbsp;os.<\/strong>&nbsp;<\/li>\n<\/ul>\n\n\n\n<hr class=\"wp-block-separator aligncenter has-text-color has-bright-red-color has-alpha-channel-opacity has-bright-red-background-color has-background is-style-default\" style=\"margin-top:var(--wp--preset--spacing--40);margin-bottom:var(--wp--preset--spacing--40)\"\/>\n\n\n\n<p><strong>Warto\u015b\u0107&nbsp;projektu:<\/strong>&nbsp;851&nbsp;737,64&nbsp;z\u0142&nbsp;<\/p>\n\n\n\n<p><strong>Kwota&nbsp;dofinansowania:<\/strong>&nbsp;809&nbsp;150,75&nbsp;z\u0142&nbsp;(\u015brodki&nbsp;europejskie&nbsp;723&nbsp;976,99&nbsp;z\u0142;&nbsp;bud\u017cet&nbsp;pa\u0144stwa&nbsp;85&nbsp;173,76&nbsp;z\u0142) <\/p>\n\n\n\n<p><strong>Okres realizacji projektu:<\/strong> 01.03.2026 &#8211; 31.12.2026 r.&nbsp;<\/p>\n\n\n\n<p>#FunduszeUE&nbsp;#FunduszeEuropejskie&nbsp;<\/p>\n\n\n\n<p><a href=\"http:\/\/www.mapadotacji.gov.pl\/\" target=\"_blank\" rel=\"noreferrer noopener\"><strong>www.mapadotacji.gov.pl<\/strong><\/a><strong><\/strong>&nbsp;<\/p>\n\n\n\n<p><\/p>\n<div class=\"gsp_post_data\" \r\n\t            data-post_type=\"page\" \r\n\t            data-cat=\"\" \r\n\t            data-modified=\"120\"\r\n\t            data-created=\"1774741691\"\r\n\t            data-title=\"O PROJEKCIE\" \r\n\t            data-home=\"http:\/\/aktywnoscsieoplaca.cityschool.pl\"><\/div>","protected":false},"excerpt":{"rendered":"<p>Firma&nbsp;Cityschool&nbsp;Sp.&nbsp;z&nbsp;o.o.&nbsp;w&nbsp;partnerstwie&nbsp;Forum&nbsp;Aktywno\u015bci&nbsp;Spo\u0142ecznej&nbsp;realizuje&nbsp;projekt \u201eAktywno\u015b\u0107 si\u0119 op\u0142aca!\u201d nr FEMA.08.01-IP.01-08EZ\/25&nbsp;wsp\u00f3\u0142finansowanego&nbsp;ze \u015brodk\u00f3w Europejskiego Funduszu Spo\u0142ecznego Plus w ramach Priorytetu VIII Fundusze Europejskie dla aktywnej integracji oraz rozwoju us\u0142ug spo\u0142ecznych i zawodowych na Mazowszu Dzia\u0142ania 8.1 Aktywizacja spo\u0142eczna i zawodowa programu Fundusze Europejskie dla Mazowsza 2021-2027.&nbsp; Cel&nbsp;g\u0142\u00f3wny&nbsp;projektu:&nbsp; Podniesienie&nbsp;aktywno\u015bci&nbsp;spo\u0142eczno&nbsp;&#8211; zawodowej&nbsp;oraz zdolno\u015bci&nbsp;do&nbsp;zatrudnienia&nbsp;40 os\u00f3b doros\u0142ych (24 Kobiety, 16 M\u0119\u017cczyzn, 4 Osoby Niepe\u0142nosprawne), pozostaj\u0105cych bez &hellip; <a href=\"http:\/\/aktywnoscsieoplaca.cityschool.pl\/\" class=\"more-link\">Czytaj dalej<span class=\"screen-reader-text\"> \u201eO PROJEKCIE\u201d<\/span><\/a><\/p>\n","protected":false},"author":1,"featured_media":0,"parent":0,"menu_order":0,"comment_status":"closed","ping_status":"open","template":"","meta":{"footnotes":""},"class_list":["post-2","page","type-page","status-publish","hentry"],"yoast_head":"<!-- This site is optimized with the Yoast SEO plugin v27.2 - https:\/\/yoast.com\/product\/yoast-seo-wordpress\/ -->\n<title>O PROJEKCIE -<\/title>\n<meta name=\"robots\" content=\"index, follow, max-snippet:-1, max-image-preview:large, max-video-preview:-1\" \/>\n<link rel=\"canonical\" href=\"http:\/\/aktywnoscsieoplaca.cityschool.pl\/\" \/>\n<meta property=\"og:locale\" content=\"pl_PL\" \/>\n<meta property=\"og:type\" content=\"article\" \/>\n<meta property=\"og:title\" content=\"O PROJEKCIE -\" \/>\n<meta property=\"og:description\" content=\"Firma&nbsp;Cityschool&nbsp;Sp.&nbsp;z&nbsp;o.o.&nbsp;w&nbsp;partnerstwie&nbsp;Forum&nbsp;Aktywno\u015bci&nbsp;Spo\u0142ecznej&nbsp;realizuje&nbsp;projekt \u201eAktywno\u015b\u0107 si\u0119 op\u0142aca!\u201d nr FEMA.08.01-IP.01-08EZ\/25&nbsp;wsp\u00f3\u0142finansowanego&nbsp;ze \u015brodk\u00f3w Europejskiego Funduszu Spo\u0142ecznego Plus w ramach Priorytetu VIII Fundusze Europejskie dla aktywnej integracji oraz rozwoju us\u0142ug spo\u0142ecznych i zawodowych na Mazowszu Dzia\u0142ania 8.1 Aktywizacja spo\u0142eczna i zawodowa programu Fundusze Europejskie dla Mazowsza 2021-2027.&nbsp; Cel&nbsp;g\u0142\u00f3wny&nbsp;projektu:&nbsp; Podniesienie&nbsp;aktywno\u015bci&nbsp;spo\u0142eczno&nbsp;&#8211; zawodowej&nbsp;oraz zdolno\u015bci&nbsp;do&nbsp;zatrudnienia&nbsp;40 os\u00f3b doros\u0142ych (24 Kobiety, 16 M\u0119\u017cczyzn, 4 Osoby Niepe\u0142nosprawne), pozostaj\u0105cych bez &hellip; Czytaj dalej \u201eO PROJEKCIE\u201d\" \/>\n<meta property=\"og:url\" content=\"http:\/\/aktywnoscsieoplaca.cityschool.pl\/\" \/>\n<meta property=\"article:modified_time\" content=\"2026-03-29T18:20:57+00:00\" \/>\n<meta name=\"twitter:label1\" content=\"Szacowany czas czytania\" \/>\n\t<meta name=\"twitter:data1\" content=\"3 minuty\" \/>\n<script type=\"application\/ld+json\" class=\"yoast-schema-graph\">{\"@context\":\"https:\/\/schema.org\",\"@graph\":[{\"@type\":\"WebPage\",\"@id\":\"http:\/\/aktywnoscsieoplaca.cityschool.pl\/\",\"url\":\"http:\/\/aktywnoscsieoplaca.cityschool.pl\/\",\"name\":\"O PROJEKCIE -\",\"isPartOf\":{\"@id\":\"http:\/\/aktywnoscsieoplaca.cityschool.pl\/#website\"},\"datePublished\":\"2026-03-28T22:48:11+00:00\",\"dateModified\":\"2026-03-29T18:20:57+00:00\",\"breadcrumb\":{\"@id\":\"http:\/\/aktywnoscsieoplaca.cityschool.pl\/#breadcrumb\"},\"inLanguage\":\"pl-PL\",\"potentialAction\":[{\"@type\":\"ReadAction\",\"target\":[\"http:\/\/aktywnoscsieoplaca.cityschool.pl\/\"]}]},{\"@type\":\"BreadcrumbList\",\"@id\":\"http:\/\/aktywnoscsieoplaca.cityschool.pl\/#breadcrumb\",\"itemListElement\":[{\"@type\":\"ListItem\",\"position\":1,\"name\":\"Home\",\"item\":\"http:\/\/aktywnoscsieoplaca.cityschool.pl\/\"},{\"@type\":\"ListItem\",\"position\":2,\"name\":\"O PROJEKCIE\"}]},{\"@type\":\"WebSite\",\"@id\":\"http:\/\/aktywnoscsieoplaca.cityschool.pl\/#website\",\"url\":\"http:\/\/aktywnoscsieoplaca.cityschool.pl\/\",\"name\":\"\",\"description\":\"\",\"potentialAction\":[{\"@type\":\"SearchAction\",\"target\":{\"@type\":\"EntryPoint\",\"urlTemplate\":\"http:\/\/aktywnoscsieoplaca.cityschool.pl\/?s={search_term_string}\"},\"query-input\":{\"@type\":\"PropertyValueSpecification\",\"valueRequired\":true,\"valueName\":\"search_term_string\"}}],\"inLanguage\":\"pl-PL\"}]}<\/script>\n<!-- \/ Yoast SEO plugin. -->","yoast_head_json":{"title":"O PROJEKCIE -","robots":{"index":"index","follow":"follow","max-snippet":"max-snippet:-1","max-image-preview":"max-image-preview:large","max-video-preview":"max-video-preview:-1"},"canonical":"http:\/\/aktywnoscsieoplaca.cityschool.pl\/","og_locale":"pl_PL","og_type":"article","og_title":"O PROJEKCIE -","og_description":"Firma&nbsp;Cityschool&nbsp;Sp.&nbsp;z&nbsp;o.o.&nbsp;w&nbsp;partnerstwie&nbsp;Forum&nbsp;Aktywno\u015bci&nbsp;Spo\u0142ecznej&nbsp;realizuje&nbsp;projekt \u201eAktywno\u015b\u0107 si\u0119 op\u0142aca!\u201d nr FEMA.08.01-IP.01-08EZ\/25&nbsp;wsp\u00f3\u0142finansowanego&nbsp;ze \u015brodk\u00f3w Europejskiego Funduszu Spo\u0142ecznego Plus w ramach Priorytetu VIII Fundusze Europejskie dla aktywnej integracji oraz rozwoju us\u0142ug spo\u0142ecznych i zawodowych na Mazowszu Dzia\u0142ania 8.1 Aktywizacja spo\u0142eczna i zawodowa programu Fundusze Europejskie dla Mazowsza 2021-2027.&nbsp; Cel&nbsp;g\u0142\u00f3wny&nbsp;projektu:&nbsp; Podniesienie&nbsp;aktywno\u015bci&nbsp;spo\u0142eczno&nbsp;&#8211; zawodowej&nbsp;oraz zdolno\u015bci&nbsp;do&nbsp;zatrudnienia&nbsp;40 os\u00f3b doros\u0142ych (24 Kobiety, 16 M\u0119\u017cczyzn, 4 Osoby Niepe\u0142nosprawne), pozostaj\u0105cych bez &hellip; Czytaj dalej \u201eO PROJEKCIE\u201d","og_url":"http:\/\/aktywnoscsieoplaca.cityschool.pl\/","article_modified_time":"2026-03-29T18:20:57+00:00","twitter_misc":{"Szacowany czas czytania":"3 minuty"},"schema":{"@context":"https:\/\/schema.org","@graph":[{"@type":"WebPage","@id":"http:\/\/aktywnoscsieoplaca.cityschool.pl\/","url":"http:\/\/aktywnoscsieoplaca.cityschool.pl\/","name":"O PROJEKCIE -","isPartOf":{"@id":"http:\/\/aktywnoscsieoplaca.cityschool.pl\/#website"},"datePublished":"2026-03-28T22:48:11+00:00","dateModified":"2026-03-29T18:20:57+00:00","breadcrumb":{"@id":"http:\/\/aktywnoscsieoplaca.cityschool.pl\/#breadcrumb"},"inLanguage":"pl-PL","potentialAction":[{"@type":"ReadAction","target":["http:\/\/aktywnoscsieoplaca.cityschool.pl\/"]}]},{"@type":"BreadcrumbList","@id":"http:\/\/aktywnoscsieoplaca.cityschool.pl\/#breadcrumb","itemListElement":[{"@type":"ListItem","position":1,"name":"Home","item":"http:\/\/aktywnoscsieoplaca.cityschool.pl\/"},{"@type":"ListItem","position":2,"name":"O PROJEKCIE"}]},{"@type":"WebSite","@id":"http:\/\/aktywnoscsieoplaca.cityschool.pl\/#website","url":"http:\/\/aktywnoscsieoplaca.cityschool.pl\/","name":"","description":"","potentialAction":[{"@type":"SearchAction","target":{"@type":"EntryPoint","urlTemplate":"http:\/\/aktywnoscsieoplaca.cityschool.pl\/?s={search_term_string}"},"query-input":{"@type":"PropertyValueSpecification","valueRequired":true,"valueName":"search_term_string"}}],"inLanguage":"pl-PL"}]}},"_links":{"self":[{"href":"http:\/\/aktywnoscsieoplaca.cityschool.pl\/index.php?rest_route=\/wp\/v2\/pages\/2","targetHints":{"allow":["GET"]}}],"collection":[{"href":"http:\/\/aktywnoscsieoplaca.cityschool.pl\/index.php?rest_route=\/wp\/v2\/pages"}],"about":[{"href":"http:\/\/aktywnoscsieoplaca.cityschool.pl\/index.php?rest_route=\/wp\/v2\/types\/page"}],"author":[{"embeddable":true,"href":"http:\/\/aktywnoscsieoplaca.cityschool.pl\/index.php?rest_route=\/wp\/v2\/users\/1"}],"replies":[{"embeddable":true,"href":"http:\/\/aktywnoscsieoplaca.cityschool.pl\/index.php?rest_route=%2Fwp%2Fv2%2Fcomments&post=2"}],"version-history":[{"count":5,"href":"http:\/\/aktywnoscsieoplaca.cityschool.pl\/index.php?rest_route=\/wp\/v2\/pages\/2\/revisions"}],"predecessor-version":[{"id":28,"href":"http:\/\/aktywnoscsieoplaca.cityschool.pl\/index.php?rest_route=\/wp\/v2\/pages\/2\/revisions\/28"}],"wp:attachment":[{"href":"http:\/\/aktywnoscsieoplaca.cityschool.pl\/index.php?rest_route=%2Fwp%2Fv2%2Fmedia&parent=2"}],"curies":[{"name":"wp","href":"https:\/\/api.w.org\/{rel}","templated":true}]}}